{"id":141,"date":"2024-01-07T15:14:39","date_gmt":"2024-01-07T15:14:39","guid":{"rendered":"https:\/\/shop.wilbergs.com\/?page_id=141"},"modified":"2024-09-15T07:27:08","modified_gmt":"2024-09-15T07:27:08","slug":"about","status":"publish","type":"page","link":"https:\/\/shop.wilbergs.com\/lt\/about\/","title":{"rendered":"ABOUT"},"content":{"rendered":"<div class=\"wpb-content-wrapper\"><div  class=\"sec_row container-fluid\"><div class=\"vc_row wpb_row vc_row-fluid no-padding vc_custom_1704643912949 vc_row-has-fill\"><div class=\"wpb_column vc_column_container vc_col-sm-12 et-light-column\"><div class=\"vc_column-inner\"><div class=\"wpb_wrapper\"><div class=\"vc_row wpb_row vc_inner vc_row-fluid max_width\"><div class=\"wpb_column vc_column_container vc_col-sm-12 et-dark-column\"><div class=\"vc_column-inner\"><div class=\"wpb_wrapper\"><div class=\"vc_empty_space\"   style=\"height: 100px\"><span class=\"vc_empty_space_inner\"><\/span><\/div><\/div><\/div><\/div><\/div><\/div><\/div><\/div><\/div><\/div><div  class=\"sec_row container\"><div class=\"vc_row wpb_row vc_row-fluid align-center vc_custom_1704643896853 vc_row-has-fill\"><div class=\"wpb_column vc_column_container animation bottom-to-top vc_col-sm-12 vc_col-lg-6 et-dark-column\"><div class=\"vc_column-inner\"><div class=\"wpb_wrapper\"><div class=\"vc_row wpb_row vc_inner vc_row-fluid max_width\"><div class=\"wpb_column vc_column_container vc_col-sm-12 et-dark-column\"><div class=\"vc_column-inner\"><div class=\"wpb_wrapper\">\n\t<div class=\"wpb_text_column wpb_content_element\" >\n\t\t<div class=\"wpb_wrapper\">\n\t\t\t<h5 class=\"fancy-title\">PATIRKITE WILBERGS KOKYB\u0118.<\/h5>\n<h2>Atrad\u0119 savo ni\u0161\u0105, esame pasiry\u017e\u0119 siekti tobulumo visais aspektais.<\/h2>\n\n\t\t<\/div>\n\t<\/div>\n<\/div><\/div><\/div><\/div><div class=\"vc_row wpb_row vc_inner vc_row-fluid max_width\"><div class=\"wpb_column vc_column_container vc_col-sm-6 et-dark-column\"><div class=\"vc_column-inner\"><div class=\"wpb_wrapper\">\n\t<div class=\"wpb_text_column wpb_content_element\" >\n\t\t<div class=\"wpb_wrapper\">\n\t\t\t<p>M\u016bs\u0173 d\u0117mesys auk\u0161\u010diausios kokyb\u0117s sprendimams apima tris skirtingas gamybos kryptis: grindis, surenkamus vonios kambario modulius ir namus, gaminamus dideliems investiciniams projektams. Pristatome \u201eWilbergs\u201c elektronin\u0119 parduotuv\u0119, kurioje laukia kruop\u0161\u010diai atrinkti produktai J\u016bs\u0173 grindims ir interjerui.<\/p>\n\n\t\t<\/div>\n\t<\/div>\n<\/div><\/div><\/div><div class=\"wpb_column vc_column_container vc_col-sm-6 et-dark-column\"><div class=\"vc_column-inner\"><div class=\"wpb_wrapper\">\n\t<div class=\"wpb_text_column wpb_content_element\" >\n\t\t<div class=\"wpb_wrapper\">\n\t\t\t<p>\u201eWilbergs\u201c si\u016blo i\u0161skirtin\u012f po\u017ei\u016br\u012f \u012f grindis ir J\u016bs\u0173 namus. Prie\u0161 daugel\u012f met\u0173 radome savo ni\u0161\u0105 \u2013 nenumaldom\u0105 tobulumo siekim\u0105. Mums prabangos apibr\u0117\u017eimas yra auk\u0161ta kokyb\u0117, kad ir k\u0105 bedarytume \u2013 tad \u010dia galite rasti auk\u0161\u010diausios kokyb\u0117s medienos prie\u017ei\u016bros produktus, u\u017etikrinan\u010dius ilgaam\u017ei\u0161kum\u0105, ilgalaik\u0119 i\u0161vaizd\u0105 ir ger\u0105 grind\u0173 d\u0117v\u0117jim\u0105si, auk\u0161\u010diausios kokyb\u0117s dur\u0173 kilim\u0117lius i\u0161 Norvegijos \u2013 i\u0161skirtinius, ilgaam\u017eius dur\u0173 kilim\u0117lius. Ir ma\u017ea paslaptis \u2013 parduotuv\u0119 nuolat papildysime naujais produktais \u2013 sekite naujienas.<\/p>\n\n\t\t<\/div>\n\t<\/div>\n<\/div><\/div><\/div><\/div><\/div><\/div><\/div><\/div><\/div><div  class=\"sec_row container\"><div class=\"vc_row wpb_row vc_row-fluid\"><div class=\"wpb_column vc_column_container vc_col-sm-12 et-dark-column\"><div class=\"vc_column-inner\"><div class=\"wpb_wrapper\"><div class=\"vc_empty_space\"   style=\"height: 100px\"><span class=\"vc_empty_space_inner\"><\/span><\/div><\/div><\/div><\/div><\/div><\/div><div  class=\"sec_row container\"><div class=\"vc_row wpb_row vc_row-fluid\"><div class=\"wpb_column vc_column_container vc_col-sm-6 et-dark-column\"><div class=\"vc_column-inner\"><div class=\"wpb_wrapper\">\t<div class=\"et-image-774 et-image aligncenter    et_image_link\">\n\t\t<div class=\"et-image-inner\">\n\t\t\t\t\t\t\t<a  class=\"mfp-image et-lightbox\" data-mfp-type=\"image\" data-mfp-src=\"https:\/\/shop.wilbergs.com\/wp-content\/uploads\/2024\/01\/G81A0516-scaled-1.jpg\"  title=\"G81A0516-scaled\">\n\t\t\t\t\t\t\t<div class=\"et-image-thumb\">\n\t\t\t\t\t<img loading=\"lazy\" decoding=\"async\" width=\"2560\" height=\"1707\" src=\"https:\/\/shop.wilbergs.com\/wp-content\/uploads\/2024\/01\/G81A0516-scaled-1.jpg\" class=\"attachment-full\" alt=\"\" title=\"G81A0516-scaled\" srcset=\"https:\/\/shop.wilbergs.com\/wp-content\/uploads\/2024\/01\/G81A0516-scaled-1.jpg 2560w, https:\/\/shop.wilbergs.com\/wp-content\/uploads\/2024\/01\/G81A0516-scaled-1-300x200.jpg 300w, https:\/\/shop.wilbergs.com\/wp-content\/uploads\/2024\/01\/G81A0516-scaled-1-1024x683.jpg 1024w, https:\/\/shop.wilbergs.com\/wp-content\/uploads\/2024\/01\/G81A0516-scaled-1-768x512.jpg 768w, https:\/\/shop.wilbergs.com\/wp-content\/uploads\/2024\/01\/G81A0516-scaled-1-1536x1024.jpg 1536w, https:\/\/shop.wilbergs.com\/wp-content\/uploads\/2024\/01\/G81A0516-scaled-1-2048x1366.jpg 2048w, https:\/\/shop.wilbergs.com\/wp-content\/uploads\/2024\/01\/G81A0516-scaled-1-150x100.jpg 150w, https:\/\/shop.wilbergs.com\/wp-content\/uploads\/2024\/01\/G81A0516-scaled-1-400x267.jpg 400w\" sizes=\"auto, (max-width: 2560px) 100vw, 2560px\" \/>\t\t\t\t<\/div>\n\t\t\t\t\t\t\t<\/a>\n\t\t\t\t\t\t\t\t\t\t\t<\/div>\n\t<\/div>\n  <\/div><\/div><\/div><div class=\"wpb_column vc_column_container vc_col-sm-6 et-dark-column\"><div class=\"vc_column-inner\"><div class=\"wpb_wrapper\">\t<div class=\"et-image-959 et-image aligncenter    et_image_link\">\n\t\t<div class=\"et-image-inner\">\n\t\t\t\t\t\t\t<a  class=\"mfp-image et-lightbox\" data-mfp-type=\"image\" data-mfp-src=\"https:\/\/shop.wilbergs.com\/wp-content\/uploads\/2024\/01\/houses-3-1.jpg\"  title=\"houses-3-1\">\n\t\t\t\t\t\t\t<div class=\"et-image-thumb\">\n\t\t\t\t\t<img loading=\"lazy\" decoding=\"async\" width=\"1024\" height=\"683\" src=\"https:\/\/shop.wilbergs.com\/wp-content\/uploads\/2024\/01\/houses-3-1.jpg\" class=\"attachment-full\" alt=\"\" title=\"houses-3-1\" srcset=\"https:\/\/shop.wilbergs.com\/wp-content\/uploads\/2024\/01\/houses-3-1.jpg 1024w, https:\/\/shop.wilbergs.com\/wp-content\/uploads\/2024\/01\/houses-3-1-300x200.jpg 300w, https:\/\/shop.wilbergs.com\/wp-content\/uploads\/2024\/01\/houses-3-1-768x512.jpg 768w, https:\/\/shop.wilbergs.com\/wp-content\/uploads\/2024\/01\/houses-3-1-150x100.jpg 150w, https:\/\/shop.wilbergs.com\/wp-content\/uploads\/2024\/01\/houses-3-1-400x267.jpg 400w\" sizes=\"auto, (max-width: 1024px) 100vw, 1024px\" \/>\t\t\t\t<\/div>\n\t\t\t\t\t\t\t<\/a>\n\t\t\t\t\t\t\t\t\t\t\t<\/div>\n\t<\/div>\n  <\/div><\/div><\/div><\/div><\/div><div  class=\"sec_row container\"><div class=\"vc_row wpb_row vc_row-fluid\"><div class=\"wpb_column vc_column_container vc_col-sm-12 et-dark-column\"><div class=\"vc_column-inner\"><div class=\"wpb_wrapper\"><div class=\"vc_empty_space\"   style=\"height: 30px\"><span class=\"vc_empty_space_inner\"><\/span><\/div><\/div><\/div><\/div><\/div><\/div><div  class=\"sec_row container\"><div class=\"vc_row wpb_row vc_row-fluid\"><div class=\"wpb_column vc_column_container vc_col-sm-6 et-dark-column\"><div class=\"vc_column-inner\"><div class=\"wpb_wrapper\">\t<div class=\"et-image-71 et-image aligncenter    et_image_link\">\n\t\t<div class=\"et-image-inner\">\n\t\t\t\t\t\t\t<a  class=\"mfp-image et-lightbox\" data-mfp-type=\"image\" data-mfp-src=\"https:\/\/shop.wilbergs.com\/wp-content\/uploads\/2024\/01\/houses-2-3.jpg\"  title=\"houses-2-3\">\n\t\t\t\t\t\t\t<div class=\"et-image-thumb\">\n\t\t\t\t\t<img loading=\"lazy\" decoding=\"async\" width=\"1024\" height=\"682\" src=\"https:\/\/shop.wilbergs.com\/wp-content\/uploads\/2024\/01\/houses-2-3.jpg\" class=\"attachment-full\" alt=\"\" title=\"houses-2-3\" srcset=\"https:\/\/shop.wilbergs.com\/wp-content\/uploads\/2024\/01\/houses-2-3.jpg 1024w, https:\/\/shop.wilbergs.com\/wp-content\/uploads\/2024\/01\/houses-2-3-300x200.jpg 300w, https:\/\/shop.wilbergs.com\/wp-content\/uploads\/2024\/01\/houses-2-3-768x512.jpg 768w, https:\/\/shop.wilbergs.com\/wp-content\/uploads\/2024\/01\/houses-2-3-150x100.jpg 150w, https:\/\/shop.wilbergs.com\/wp-content\/uploads\/2024\/01\/houses-2-3-400x266.jpg 400w\" sizes=\"auto, (max-width: 1024px) 100vw, 1024px\" \/>\t\t\t\t<\/div>\n\t\t\t\t\t\t\t<\/a>\n\t\t\t\t\t\t\t\t\t\t\t<\/div>\n\t<\/div>\n  <\/div><\/div><\/div><div class=\"wpb_column vc_column_container vc_col-sm-6 et-dark-column\"><div class=\"vc_column-inner\"><div class=\"wpb_wrapper\">\t<div class=\"et-image-357 et-image aligncenter    et_image_link\">\n\t\t<div class=\"et-image-inner\">\n\t\t\t\t\t\t\t<a  class=\"mfp-image et-lightbox\" data-mfp-type=\"image\" data-mfp-src=\"https:\/\/shop.wilbergs.com\/wp-content\/uploads\/2024\/01\/houses-2-1-1.jpg\"  title=\"houses-2-1-1\">\n\t\t\t\t\t\t\t<div class=\"et-image-thumb\">\n\t\t\t\t\t<img loading=\"lazy\" decoding=\"async\" width=\"1024\" height=\"682\" src=\"https:\/\/shop.wilbergs.com\/wp-content\/uploads\/2024\/01\/houses-2-1-1.jpg\" class=\"attachment-full\" alt=\"\" title=\"houses-2-1-1\" srcset=\"https:\/\/shop.wilbergs.com\/wp-content\/uploads\/2024\/01\/houses-2-1-1.jpg 1024w, https:\/\/shop.wilbergs.com\/wp-content\/uploads\/2024\/01\/houses-2-1-1-300x200.jpg 300w, https:\/\/shop.wilbergs.com\/wp-content\/uploads\/2024\/01\/houses-2-1-1-768x512.jpg 768w, https:\/\/shop.wilbergs.com\/wp-content\/uploads\/2024\/01\/houses-2-1-1-150x100.jpg 150w, https:\/\/shop.wilbergs.com\/wp-content\/uploads\/2024\/01\/houses-2-1-1-400x266.jpg 400w\" sizes=\"auto, (max-width: 1024px) 100vw, 1024px\" \/>\t\t\t\t<\/div>\n\t\t\t\t\t\t\t<\/a>\n\t\t\t\t\t\t\t\t\t\t\t<\/div>\n\t<\/div>\n  <\/div><\/div><\/div><\/div><\/div><div  class=\"sec_row container\"><div class=\"vc_row wpb_row vc_row-fluid\"><div class=\"wpb_column vc_column_container vc_col-sm-12 et-dark-column\"><div class=\"vc_column-inner\"><div class=\"wpb_wrapper\"><div class=\"vc_empty_space\"   style=\"height: 30px\"><span class=\"vc_empty_space_inner\"><\/span><\/div><\/div><\/div><\/div><\/div><\/div>\n<\/div>","protected":false},"excerpt":{"rendered":"EXPERIENCE WILBERGS QUALITY. Having discovered our niche years ago, we are dedicated to excellence in every aspect. Our focus on providing premium solutions extends across three distinct manufacturing directions: floors, modular bathrooms, prefabricated and modular houses tailored for substantial investment projects. Introducing Wilbergs e-shop, where carefully curated products for your [...]","protected":false},"author":4,"featured_media":0,"parent":0,"menu_order":0,"comment_status":"closed","ping_status":"closed","template":"","meta":{"footnotes":""},"class_list":["post-141","page","type-page","status-publish","hentry"],"_links":{"self":[{"href":"https:\/\/shop.wilbergs.com\/lt\/wp-json\/wp\/v2\/pages\/141","targetHints":{"allow":["GET"]}}],"collection":[{"href":"https:\/\/shop.wilbergs.com\/lt\/wp-json\/wp\/v2\/pages"}],"about":[{"href":"https:\/\/shop.wilbergs.com\/lt\/wp-json\/wp\/v2\/types\/page"}],"author":[{"embeddable":true,"href":"https:\/\/shop.wilbergs.com\/lt\/wp-json\/wp\/v2\/users\/4"}],"replies":[{"embeddable":true,"href":"https:\/\/shop.wilbergs.com\/lt\/wp-json\/wp\/v2\/comments?post=141"}],"version-history":[{"count":24,"href":"https:\/\/shop.wilbergs.com\/lt\/wp-json\/wp\/v2\/pages\/141\/revisions"}],"predecessor-version":[{"id":301,"href":"https:\/\/shop.wilbergs.com\/lt\/wp-json\/wp\/v2\/pages\/141\/revisions\/301"}],"wp:attachment":[{"href":"https:\/\/shop.wilbergs.com\/lt\/wp-json\/wp\/v2\/media?parent=141"}],"curies":[{"name":"wp","href":"https:\/\/api.w.org\/{rel}","templated":true}]}}