{"id":151,"date":"2024-01-07T15:23:41","date_gmt":"2024-01-07T15:23:41","guid":{"rendered":"https:\/\/shop.wilbergs.com\/?page_id=151"},"modified":"2025-07-04T13:52:28","modified_gmt":"2025-07-04T13:52:28","slug":"contact","status":"publish","type":"page","link":"https:\/\/shop.wilbergs.com\/lt\/contact\/","title":{"rendered":"KONTAKTAI"},"content":{"rendered":"<div class=\"wpb-content-wrapper\"><div  class=\"sec_row container\"><div class=\"vc_row wpb_row vc_row-fluid vc_custom_1522665185384\"><div class=\"wpb_column vc_column_container vc_col-sm-6 et-dark-column\"><div class=\"vc_column-inner  vc_custom_1522696003579\"><div class=\"wpb_wrapper\">\n\t<div class=\"wpb_text_column wpb_content_element animation bottom-to-top\" >\n\t\t<div class=\"wpb_wrapper\">\n\t\t\t<h1><b>Atsi\u0173skite mums \u017einut\u0119!<\/b><\/h1>\n<p>Jei turite klausim\u0173, susijusi\u0173 su apsipirkimu, nedvejodami atsi\u0173skite mums \u017einut\u0119.<\/p>\n\n\t\t<\/div>\n\t<\/div>\n<div class=\"vc_separator wpb_content_element vc_separator_align_center vc_sep_width_100 vc_sep_pos_align_center vc_separator_no_text vc_sep_color_grey\" ><span class=\"vc_sep_holder vc_sep_holder_l\"><span class=\"vc_sep_line\"><\/span><\/span><span class=\"vc_sep_holder vc_sep_holder_r\"><span class=\"vc_sep_line\"><\/span><\/span>\n<\/div><div class=\"vc_row wpb_row vc_inner vc_row-fluid vc_custom_1522696117259\"><div class=\"wpb_column vc_column_container vc_col-sm-12 et-dark-column\"><div class=\"vc_column-inner  vc_custom_1522664996675\"><div class=\"wpb_wrapper\">\n\t<div class=\"wpb_text_column wpb_content_element animation bottom-to-top\" >\n\t\t<div class=\"wpb_wrapper\">\n\t\t\t<h3>E-PARDUOTUV\u0116<\/h3>\n<h6>KLIENT\u0172 APTARNAVIMAS<\/h6>\n<p>sandelys.parketas@wilbergs.com<\/p>\n\n\t\t<\/div>\n\t<\/div>\n<div class=\"vc_empty_space\"   style=\"height: 20px\"><span class=\"vc_empty_space_inner\"><\/span><\/div><\/div><\/div><\/div><\/div><\/div><\/div><\/div><div class=\"wpb_column vc_column_container vc_col-sm-6 et-dark-column\"><div class=\"vc_column-inner\"><div class=\"wpb_wrapper\">\n\t<div  class=\"wpb_single_image wpb_content_element vc_align_left\">\n\t\t\n\t\t<figure class=\"wpb_wrapper vc_figure\">\n\t\t\t<div class=\"vc_single_image-wrapper   vc_box_border_grey\"><img loading=\"lazy\" decoding=\"async\" width=\"2560\" height=\"1707\" src=\"https:\/\/shop.wilbergs.com\/wp-content\/uploads\/2024\/01\/G81A0516-scaled-1.jpg\" class=\"vc_single_image-img attachment-full\" alt=\"\" title=\"G81A0516-scaled\" srcset=\"https:\/\/shop.wilbergs.com\/wp-content\/uploads\/2024\/01\/G81A0516-scaled-1.jpg 2560w, https:\/\/shop.wilbergs.com\/wp-content\/uploads\/2024\/01\/G81A0516-scaled-1-300x200.jpg 300w, https:\/\/shop.wilbergs.com\/wp-content\/uploads\/2024\/01\/G81A0516-scaled-1-1024x683.jpg 1024w, https:\/\/shop.wilbergs.com\/wp-content\/uploads\/2024\/01\/G81A0516-scaled-1-768x512.jpg 768w, https:\/\/shop.wilbergs.com\/wp-content\/uploads\/2024\/01\/G81A0516-scaled-1-1536x1024.jpg 1536w, https:\/\/shop.wilbergs.com\/wp-content\/uploads\/2024\/01\/G81A0516-scaled-1-2048x1366.jpg 2048w, https:\/\/shop.wilbergs.com\/wp-content\/uploads\/2024\/01\/G81A0516-scaled-1-150x100.jpg 150w, https:\/\/shop.wilbergs.com\/wp-content\/uploads\/2024\/01\/G81A0516-scaled-1-400x267.jpg 400w\" sizes=\"auto, (max-width: 2560px) 100vw, 2560px\" \/><\/div>\n\t\t<\/figure>\n\t<\/div>\n<div class=\"vc_empty_space\"   style=\"height: 20px\"><span class=\"vc_empty_space_inner\"><\/span><\/div>\n\t<div class=\"wpb_text_column wpb_content_element animation bottom-to-top\" >\n\t\t<div class=\"wpb_wrapper\">\n\t\t\t<h2>Kontakt\u0173 forma<\/h2>\n\n\t\t<\/div>\n\t<\/div>\n<div class=\"wpforms-container wpforms-container-full wpforms-render-modern\" id=\"wpforms-159\"><form id=\"wpforms-form-159\" class=\"wpforms-validate wpforms-form wpforms-ajax-form\" data-formid=\"159\" method=\"post\" enctype=\"multipart\/form-data\" action=\"\/lt\/wp-json\/wp\/v2\/pages\/151\" data-token=\"7b60f1e3941d18029f0e5359b3b30dec\" data-token-time=\"1777540439\" data-trp-original-action=\"\/lt\/wp-json\/wp\/v2\/pages\/151\"><noscript class=\"wpforms-error-noscript\">Please enable JavaScript in your browser to complete this form.<\/noscript><div class=\"wpforms-hidden\" id=\"wpforms-error-noscript\">Please enable JavaScript in your browser to complete this form.<\/div><div class=\"wpforms-field-container\"><div id=\"wpforms-159-field_1-container\" class=\"wpforms-field wpforms-field-email\" data-field-id=\"1\"><label class=\"wpforms-field-label wpforms-label-hide\" for=\"wpforms-159-field_1\" aria-hidden=\"false\">El. pa\u0161tas <span class=\"wpforms-required-label\" aria-hidden=\"true\">*<\/span><\/label><input type=\"email\" id=\"wpforms-159-field_1\" class=\"wpforms-field-large wpforms-field-required\" name=\"wpforms[fields][1]\" placeholder=\"El. pa\u0161tas\" spellcheck=\"false\" aria-errormessage=\"wpforms-159-field_1-error\" required><\/div><div id=\"wpforms-159-field_2-container\" class=\"wpforms-field wpforms-field-textarea\" data-field-id=\"2\"><label class=\"wpforms-field-label wpforms-label-hide\" for=\"wpforms-159-field_2\" aria-hidden=\"false\">Tekstas<\/label><textarea id=\"wpforms-159-field_2\" class=\"wpforms-field-medium\" name=\"wpforms[fields][2]\" placeholder=\"Tekstas\" aria-errormessage=\"wpforms-159-field_2-error\" ><\/textarea><\/div><\/div><!-- .wpforms-field-container --><div class=\"wpforms-submit-container\" ><input type=\"hidden\" name=\"wpforms[id]\" value=\"159\"><input type=\"hidden\" name=\"page_title\" value=\"\"><input type=\"hidden\" name=\"page_url\" value=\"https:\/\/shop.wilbergs.com\/lt\/wp-json\/wp\/v2\/pages\/151\"><button type=\"submit\" name=\"wpforms[submit]\" id=\"wpforms-submit-159\" class=\"wpforms-submit formosklase\" data-alt-text=\"Sending...\" data-submit-text=\"Send\" aria-live=\"assertive\" value=\"wpforms-submit\">Si\u0173sti<\/button><img loading=\"lazy\" decoding=\"async\" src=\"https:\/\/shop.wilbergs.com\/wp-content\/plugins\/wpforms-lite\/assets\/images\/submit-spin.svg\" class=\"wpforms-submit-spinner\" style=\"display: none;\" width=\"26\" height=\"26\" alt=\"Loading\"><\/div><input type=\"hidden\" name=\"trp-form-language\" value=\"lt\"\/><\/form><\/div>  <!-- .wpforms-container --><\/div><\/div><\/div><div class=\"wpb_column vc_column_container vc_col-sm-12 et-dark-column\"><div class=\"vc_column-inner\"><div class=\"wpb_wrapper\"><\/div><\/div><\/div><\/div><\/div>\n<\/div>","protected":false},"excerpt":{"rendered":"Send us a message! If you have any queries regarding your shopping, please, do not hesitate and send us a message. E-SHOP CUSTOMER SUPPORT sandelys.parketas@wilbergs.com Contact form Please enable JavaScript in your browser to complete this form.Please enable JavaScript in your browser to complete this form.Email *TextSend","protected":false},"author":4,"featured_media":0,"parent":0,"menu_order":0,"comment_status":"closed","ping_status":"closed","template":"","meta":{"footnotes":""},"class_list":["post-151","page","type-page","status-publish","hentry"],"_links":{"self":[{"href":"https:\/\/shop.wilbergs.com\/lt\/wp-json\/wp\/v2\/pages\/151","targetHints":{"allow":["GET"]}}],"collection":[{"href":"https:\/\/shop.wilbergs.com\/lt\/wp-json\/wp\/v2\/pages"}],"about":[{"href":"https:\/\/shop.wilbergs.com\/lt\/wp-json\/wp\/v2\/types\/page"}],"author":[{"embeddable":true,"href":"https:\/\/shop.wilbergs.com\/lt\/wp-json\/wp\/v2\/users\/4"}],"replies":[{"embeddable":true,"href":"https:\/\/shop.wilbergs.com\/lt\/wp-json\/wp\/v2\/comments?post=151"}],"version-history":[{"count":15,"href":"https:\/\/shop.wilbergs.com\/lt\/wp-json\/wp\/v2\/pages\/151\/revisions"}],"predecessor-version":[{"id":912,"href":"https:\/\/shop.wilbergs.com\/lt\/wp-json\/wp\/v2\/pages\/151\/revisions\/912"}],"wp:attachment":[{"href":"https:\/\/shop.wilbergs.com\/lt\/wp-json\/wp\/v2\/media?parent=151"}],"curies":[{"name":"wp","href":"https:\/\/api.w.org\/{rel}","templated":true}]}}