{"id":23,"date":"2023-11-21T05:48:25","date_gmt":"2023-11-21T05:48:25","guid":{"rendered":"https:\/\/shop.wilbergs.com\/cart\/"},"modified":"2025-09-18T05:33:30","modified_gmt":"2025-09-18T05:33:30","slug":"cart","status":"publish","type":"page","link":"https:\/\/shop.wilbergs.com\/lt\/cart\/","title":{"rendered":"Krep\u0161elis"},"content":{"rendered":"<div data-block-name=\"woocommerce\/cart\" class=\"wp-block-woocommerce-cart alignwide is-loading\"><div data-block-name=\"woocommerce\/filled-cart-block\" class=\"wp-block-woocommerce-filled-cart-block\"><div data-block-name=\"woocommerce\/cart-items-block\" class=\"wp-block-woocommerce-cart-items-block\"><div data-block-name=\"woocommerce\/cart-line-items-block\" class=\"wp-block-woocommerce-cart-line-items-block\"><\/div>\n\n<div data-block-name=\"woocommerce\/cart-cross-sells-block\" class=\"wp-block-woocommerce-cart-cross-sells-block\"><h2 class=\"wp-block-heading has-large-font-size\">You may be interested in\u2026<\/h2>\n\n<div data-block-name=\"woocommerce\/cart-cross-sells-products-block\" class=\"wp-block-woocommerce-cart-cross-sells-products-block\"><\/div><\/div><\/div>\n\n<div data-block-name=\"woocommerce\/cart-totals-block\" class=\"wp-block-woocommerce-cart-totals-block\"><div data-block-name=\"woocommerce\/cart-order-summary-block\" class=\"wp-block-woocommerce-cart-order-summary-block\"><div data-block-name=\"woocommerce\/cart-order-summary-heading-block\" class=\"wp-block-woocommerce-cart-order-summary-heading-block\"><\/div><div data-block-name=\"woocommerce\/cart-order-summary-coupon-form-block\" class=\"wp-block-woocommerce-cart-order-summary-coupon-form-block\"><\/div><div data-block-name=\"woocommerce\/cart-order-summary-totals-block\" class=\"wp-block-woocommerce-cart-order-summary-totals-block\">\n<div data-block-name=\"woocommerce\/cart-order-summary-subtotal-block\" class=\"wp-block-woocommerce-cart-order-summary-subtotal-block\"><\/div>\n<div data-block-name=\"woocommerce\/cart-order-summary-discount-block\" class=\"wp-block-woocommerce-cart-order-summary-discount-block\"><\/div>\n<div data-block-name=\"woocommerce\/cart-order-summary-fee-block\" class=\"wp-block-woocommerce-cart-order-summary-fee-block\"><\/div>\n<div data-block-name=\"woocommerce\/cart-order-summary-shipping-block\" class=\"wp-block-woocommerce-cart-order-summary-shipping-block\"><\/div>\n<div data-block-name=\"woocommerce\/cart-order-summary-taxes-block\" class=\"wp-block-woocommerce-cart-order-summary-taxes-block\"><\/div><\/div><\/div>\n\n<div data-block-name=\"woocommerce\/cart-express-payment-block\" class=\"wp-block-woocommerce-cart-express-payment-block\"><\/div>\n\n<div data-block-name=\"woocommerce\/proceed-to-checkout-block\" class=\"wp-block-woocommerce-proceed-to-checkout-block\"><\/div>\n\n<div data-block-name=\"woocommerce\/cart-accepted-payment-methods-block\" class=\"wp-block-woocommerce-cart-accepted-payment-methods-block\"><\/div><\/div><\/div>\n\n<div data-block-name=\"woocommerce\/empty-cart-block\" class=\"wp-block-woocommerce-empty-cart-block\"><h2 class=\"wp-block-heading has-text-align-center with-empty-cart-icon wc-block-cart__empty-cart__title\">Dar neprid\u0117jote preki\u0173. Nar\u0161ykite m\u016bs\u0173 katalog\u0105.<\/h2>\n\n<hr class=\"wp-block-separator has-alpha-channel-opacity is-style-dots\"\/>\n\n<h2 class=\"wp-block-heading has-text-align-center\">Naujienos<\/h2>\n\n<div data-block-name=\"woocommerce\/product-new\" data-columns=\"4\" data-rows=\"1\" class=\"wc-block-grid wp-block-product-new wc-block-product-new has-4-columns\"><ul class=\"wc-block-grid__products\"><li class=\"wc-block-grid__product\">\n\t\t\t\t<a href=\"https:\/\/shop.wilbergs.com\/lt\/produktas\/berger-seidle-brilliance-spraymop-comfortclean\/\" class=\"wc-block-grid__product-link\">\n\t\t\t\t\t<div class=\"wc-block-grid__product-onsale\">\n\t\t\t<span aria-hidden=\"true\" data-no-translation=\"\" data-trp-gettext=\"\">Akcija<\/span>\n\t\t\t<span class=\"screen-reader-text\" data-no-translation=\"\" data-trp-gettext=\"\">Produktas su nuolaida<\/span>\n\t\t<\/div>\n\t\t\t\t\t<div class=\"wc-block-grid__product-image\"><img loading=\"lazy\" decoding=\"async\" width=\"400\" height=\"400\" src=\"https:\/\/shop.wilbergs.com\/wp-content\/uploads\/2025\/01\/0003_Brilliance_ComfortCleanMop_2048x2048-400x400.webp\" class=\"attachment-woocommerce_thumbnail size-woocommerce_thumbnail\" alt=\"Berger-Seidle Brilliance SprayMop ComfortClean Combo Pack\" srcset=\"https:\/\/shop.wilbergs.com\/wp-content\/uploads\/2025\/01\/0003_Brilliance_ComfortCleanMop_2048x2048-400x400.webp 400w, https:\/\/shop.wilbergs.com\/wp-content\/uploads\/2025\/01\/0003_Brilliance_ComfortCleanMop_2048x2048-300x300.webp 300w, https:\/\/shop.wilbergs.com\/wp-content\/uploads\/2025\/01\/0003_Brilliance_ComfortCleanMop_2048x2048-1024x1024.webp 1024w, https:\/\/shop.wilbergs.com\/wp-content\/uploads\/2025\/01\/0003_Brilliance_ComfortCleanMop_2048x2048-150x150.webp 150w, https:\/\/shop.wilbergs.com\/wp-content\/uploads\/2025\/01\/0003_Brilliance_ComfortCleanMop_2048x2048-768x768.webp 768w, https:\/\/shop.wilbergs.com\/wp-content\/uploads\/2025\/01\/0003_Brilliance_ComfortCleanMop_2048x2048-1536x1536.webp 1536w, https:\/\/shop.wilbergs.com\/wp-content\/uploads\/2025\/01\/0003_Brilliance_ComfortCleanMop_2048x2048-12x12.webp 12w, https:\/\/shop.wilbergs.com\/wp-content\/uploads\/2025\/01\/0003_Brilliance_ComfortCleanMop_2048x2048-100x100.webp 100w, https:\/\/shop.wilbergs.com\/wp-content\/uploads\/2025\/01\/0003_Brilliance_ComfortCleanMop_2048x2048.webp 2048w\" sizes=\"auto, (max-width: 400px) 100vw, 400px\" \/><\/div>\n\t\t\t\t\t<div class=\"wc-block-grid__product-title\">Pur\u0161kianti \u0161luota ir kasdieninis valiklis<\/div>\n\t\t\t\t<\/a>\n\t\t\t\t<div class=\"wc-block-grid__product-price price\"><del aria-hidden=\"true\"><span class=\"woocommerce-Price-amount amount\">55,74&nbsp;<span class=\"woocommerce-Price-currencySymbol\">&euro;<\/span><\/span><\/del> <span class=\"screen-reader-text\" data-no-translation=\"\" data-trp-gettext=\"\">Original price was: 55,74&nbsp;&euro;.<\/span><ins aria-hidden=\"true\"><span class=\"woocommerce-Price-amount amount\">50,17&nbsp;<span class=\"woocommerce-Price-currencySymbol\">&euro;<\/span><\/span><\/ins><span class=\"screen-reader-text\" data-no-translation=\"\" data-trp-gettext=\"\">Current price is: 50,17&nbsp;&euro;.<\/span> <small class=\"woocommerce-price-suffix\">(\u012eskaitant PVM)<\/small><\/div>\n\t\t\t\t\n\t\t\t\t<div class=\"wp-block-button wc-block-grid__product-add-to-cart\"><a href=\"?add-to-cart=766\" aria-label=\"\u012e krep\u0161el\u012f\" data-quantity=\"1\" data-product_id=\"766\" data-product_sku=\"100000013487\" data-price=\"50.17\" rel=\"nofollow\" class=\"wp-block-button__link  add_to_cart_button ajax_add_to_cart\" data-no-translation=\"\" data-trp-gettext=\"\" data-no-translation-aria-label=\"\">\u012e krep\u0161el\u012f<\/a><\/div>\n\t\t\t<\/li><li class=\"wc-block-grid__product\">\n\t\t\t\t<a href=\"https:\/\/shop.wilbergs.com\/lt\/produktas\/berger-seidle-brilliance-neutral-cleaner\/\" class=\"wc-block-grid__product-link\">\n\t\t\t\t\t<div class=\"wc-block-grid__product-onsale\">\n\t\t\t<span aria-hidden=\"true\" data-no-translation=\"\" data-trp-gettext=\"\">Akcija<\/span>\n\t\t\t<span class=\"screen-reader-text\" data-no-translation=\"\" data-trp-gettext=\"\">Produktas su nuolaida<\/span>\n\t\t<\/div>\n\t\t\t\t\t<div class=\"wc-block-grid__product-image\"><img loading=\"lazy\" decoding=\"async\" width=\"400\" height=\"400\" src=\"https:\/\/shop.wilbergs.com\/wp-content\/uploads\/2025\/01\/Brilliance_NeutralCleaner_1L_2048x2048-400x400.webp\" class=\"attachment-woocommerce_thumbnail size-woocommerce_thumbnail\" alt=\"Berger-Seidle Brilliance Neutral Cleaner\" srcset=\"https:\/\/shop.wilbergs.com\/wp-content\/uploads\/2025\/01\/Brilliance_NeutralCleaner_1L_2048x2048-400x400.webp 400w, https:\/\/shop.wilbergs.com\/wp-content\/uploads\/2025\/01\/Brilliance_NeutralCleaner_1L_2048x2048-300x300.webp 300w, https:\/\/shop.wilbergs.com\/wp-content\/uploads\/2025\/01\/Brilliance_NeutralCleaner_1L_2048x2048-1024x1024.webp 1024w, https:\/\/shop.wilbergs.com\/wp-content\/uploads\/2025\/01\/Brilliance_NeutralCleaner_1L_2048x2048-150x150.webp 150w, https:\/\/shop.wilbergs.com\/wp-content\/uploads\/2025\/01\/Brilliance_NeutralCleaner_1L_2048x2048-768x768.webp 768w, https:\/\/shop.wilbergs.com\/wp-content\/uploads\/2025\/01\/Brilliance_NeutralCleaner_1L_2048x2048-1536x1536.webp 1536w, https:\/\/shop.wilbergs.com\/wp-content\/uploads\/2025\/01\/Brilliance_NeutralCleaner_1L_2048x2048-12x12.webp 12w, https:\/\/shop.wilbergs.com\/wp-content\/uploads\/2025\/01\/Brilliance_NeutralCleaner_1L_2048x2048-100x100.webp 100w, https:\/\/shop.wilbergs.com\/wp-content\/uploads\/2025\/01\/Brilliance_NeutralCleaner_1L_2048x2048.webp 2048w\" sizes=\"auto, (max-width: 400px) 100vw, 400px\" \/><\/div>\n\t\t\t\t\t<div class=\"wc-block-grid__product-title\">Kasdieninis valiklis\n Brilliance Neutral Cleaner<\/div>\n\t\t\t\t<\/a>\n\t\t\t\t<div class=\"wc-block-grid__product-price price\"><del aria-hidden=\"true\"><span class=\"woocommerce-Price-amount amount\">27,83&nbsp;<span class=\"woocommerce-Price-currencySymbol\">&euro;<\/span><\/span><\/del> <span class=\"screen-reader-text\" data-no-translation=\"\" data-trp-gettext=\"\">Original price was: 27,83&nbsp;&euro;.<\/span><ins aria-hidden=\"true\"><span class=\"woocommerce-Price-amount amount\">25,05&nbsp;<span class=\"woocommerce-Price-currencySymbol\">&euro;<\/span><\/span><\/ins><span class=\"screen-reader-text\" data-no-translation=\"\" data-trp-gettext=\"\">Current price is: 25,05&nbsp;&euro;.<\/span> <small class=\"woocommerce-price-suffix\">(\u012eskaitant PVM)<\/small><\/div>\n\t\t\t\t\n\t\t\t\t<div class=\"wp-block-button wc-block-grid__product-add-to-cart\"><a href=\"?add-to-cart=763\" aria-label=\"\u012e krep\u0161el\u012f\" data-quantity=\"1\" data-product_id=\"763\" data-product_sku=\"100000021686\" data-price=\"25.05\" rel=\"nofollow\" class=\"wp-block-button__link  add_to_cart_button ajax_add_to_cart\" data-no-translation=\"\" data-trp-gettext=\"\" data-no-translation-aria-label=\"\">\u012e krep\u0161el\u012f<\/a><\/div>\n\t\t\t<\/li><li class=\"wc-block-grid__product\">\n\t\t\t\t<a href=\"https:\/\/shop.wilbergs.com\/lt\/produktas\/zen-black\/\" class=\"wc-block-grid__product-link\">\n\t\t\t\t\t<div class=\"wc-block-grid__product-onsale\">\n\t\t\t<span aria-hidden=\"true\" data-no-translation=\"\" data-trp-gettext=\"\">Akcija<\/span>\n\t\t\t<span class=\"screen-reader-text\" data-no-translation=\"\" data-trp-gettext=\"\">Produktas su nuolaida<\/span>\n\t\t<\/div>\n\t\t\t\t\t<div class=\"wc-block-grid__product-image\"><img loading=\"lazy\" decoding=\"async\" width=\"400\" height=\"400\" src=\"https:\/\/shop.wilbergs.com\/wp-content\/uploads\/2025\/01\/Heymat_Zen_Black_HC-kopi-1-400x400.webp\" class=\"attachment-woocommerce_thumbnail size-woocommerce_thumbnail\" alt=\"Zen Black\" srcset=\"https:\/\/shop.wilbergs.com\/wp-content\/uploads\/2025\/01\/Heymat_Zen_Black_HC-kopi-1-400x400.webp 400w, https:\/\/shop.wilbergs.com\/wp-content\/uploads\/2025\/01\/Heymat_Zen_Black_HC-kopi-1-300x300.webp 300w, https:\/\/shop.wilbergs.com\/wp-content\/uploads\/2025\/01\/Heymat_Zen_Black_HC-kopi-1-1024x1024.webp 1024w, https:\/\/shop.wilbergs.com\/wp-content\/uploads\/2025\/01\/Heymat_Zen_Black_HC-kopi-1-150x150.webp 150w, https:\/\/shop.wilbergs.com\/wp-content\/uploads\/2025\/01\/Heymat_Zen_Black_HC-kopi-1-768x768.webp 768w, https:\/\/shop.wilbergs.com\/wp-content\/uploads\/2025\/01\/Heymat_Zen_Black_HC-kopi-1-12x12.webp 12w, https:\/\/shop.wilbergs.com\/wp-content\/uploads\/2025\/01\/Heymat_Zen_Black_HC-kopi-1-100x100.webp 100w, https:\/\/shop.wilbergs.com\/wp-content\/uploads\/2025\/01\/Heymat_Zen_Black_HC-kopi-1.webp 1080w\" sizes=\"auto, (max-width: 400px) 100vw, 400px\" \/><\/div>\n\t\t\t\t\t<div class=\"wc-block-grid__product-title\">Zen Black<\/div>\n\t\t\t\t<\/a>\n\t\t\t\t<div class=\"wc-block-grid__product-price price\"><del aria-hidden=\"true\"><span class=\"woocommerce-Price-amount amount\">68,00&nbsp;<span class=\"woocommerce-Price-currencySymbol\">&euro;<\/span><\/span><\/del> <span class=\"screen-reader-text\" data-no-translation=\"\" data-trp-gettext=\"\">Original price was: 68,00&nbsp;&euro;.<\/span><ins aria-hidden=\"true\"><span class=\"woocommerce-Price-amount amount\">61,20&nbsp;<span class=\"woocommerce-Price-currencySymbol\">&euro;<\/span><\/span><\/ins><span class=\"screen-reader-text\" data-no-translation=\"\" data-trp-gettext=\"\">Current price is: 61,20&nbsp;&euro;.<\/span> <small class=\"woocommerce-price-suffix\">(\u012eskaitant PVM)<\/small><\/div>\n\t\t\t\t\n\t\t\t\t<div class=\"wp-block-button wc-block-grid__product-add-to-cart\"><a href=\"https:\/\/shop.wilbergs.com\/lt\/produktas\/zen-black\/\" aria-label=\"Pasirinkti savybes: \u201cZen Black\u201d\" data-quantity=\"1\" data-product_id=\"753\" data-product_sku=\"\" data-price=\"61.2\" rel=\"nofollow\" class=\"wp-block-button__link  add_to_cart_button\" data-no-translation=\"\" data-trp-gettext=\"\" data-no-translation-aria-label=\"\">Pasirinkti savybes<\/a><\/div>\n\t\t\t<\/li><li class=\"wc-block-grid__product\">\n\t\t\t\t<a href=\"https:\/\/shop.wilbergs.com\/lt\/produktas\/zen-grey\/\" class=\"wc-block-grid__product-link\">\n\t\t\t\t\t<div class=\"wc-block-grid__product-onsale\">\n\t\t\t<span aria-hidden=\"true\" data-no-translation=\"\" data-trp-gettext=\"\">Akcija<\/span>\n\t\t\t<span class=\"screen-reader-text\" data-no-translation=\"\" data-trp-gettext=\"\">Produktas su nuolaida<\/span>\n\t\t<\/div>\n\t\t\t\t\t<div class=\"wc-block-grid__product-image\"><img loading=\"lazy\" decoding=\"async\" width=\"400\" height=\"400\" src=\"https:\/\/shop.wilbergs.com\/wp-content\/uploads\/2025\/01\/Heymat_Zen_Grey_HC-1-400x400.webp\" class=\"attachment-woocommerce_thumbnail size-woocommerce_thumbnail\" alt=\"Zen Grey\" srcset=\"https:\/\/shop.wilbergs.com\/wp-content\/uploads\/2025\/01\/Heymat_Zen_Grey_HC-1-400x400.webp 400w, https:\/\/shop.wilbergs.com\/wp-content\/uploads\/2025\/01\/Heymat_Zen_Grey_HC-1-300x300.webp 300w, https:\/\/shop.wilbergs.com\/wp-content\/uploads\/2025\/01\/Heymat_Zen_Grey_HC-1-1024x1024.webp 1024w, https:\/\/shop.wilbergs.com\/wp-content\/uploads\/2025\/01\/Heymat_Zen_Grey_HC-1-150x150.webp 150w, https:\/\/shop.wilbergs.com\/wp-content\/uploads\/2025\/01\/Heymat_Zen_Grey_HC-1-768x768.webp 768w, https:\/\/shop.wilbergs.com\/wp-content\/uploads\/2025\/01\/Heymat_Zen_Grey_HC-1-1536x1536.webp 1536w, https:\/\/shop.wilbergs.com\/wp-content\/uploads\/2025\/01\/Heymat_Zen_Grey_HC-1-12x12.webp 12w, https:\/\/shop.wilbergs.com\/wp-content\/uploads\/2025\/01\/Heymat_Zen_Grey_HC-1-100x100.webp 100w, https:\/\/shop.wilbergs.com\/wp-content\/uploads\/2025\/01\/Heymat_Zen_Grey_HC-1.webp 2047w\" sizes=\"auto, (max-width: 400px) 100vw, 400px\" \/><\/div>\n\t\t\t\t\t<div class=\"wc-block-grid__product-title\">Zen Grey<\/div>\n\t\t\t\t<\/a>\n\t\t\t\t<div class=\"wc-block-grid__product-price price\"><del aria-hidden=\"true\"><span class=\"woocommerce-Price-amount amount\">68,00&nbsp;<span class=\"woocommerce-Price-currencySymbol\">&euro;<\/span><\/span><\/del> <span class=\"screen-reader-text\" data-no-translation=\"\" data-trp-gettext=\"\">Original price was: 68,00&nbsp;&euro;.<\/span><ins aria-hidden=\"true\"><span class=\"woocommerce-Price-amount amount\">61,20&nbsp;<span class=\"woocommerce-Price-currencySymbol\">&euro;<\/span><\/span><\/ins><span class=\"screen-reader-text\" data-no-translation=\"\" data-trp-gettext=\"\">Current price is: 61,20&nbsp;&euro;.<\/span> <small class=\"woocommerce-price-suffix\">(\u012eskaitant PVM)<\/small><\/div>\n\t\t\t\t\n\t\t\t\t<div class=\"wp-block-button wc-block-grid__product-add-to-cart\"><a href=\"https:\/\/shop.wilbergs.com\/lt\/produktas\/zen-grey\/\" aria-label=\"Pasirinkti savybes: \u201cZen Grey\u201d\" data-quantity=\"1\" data-product_id=\"744\" data-product_sku=\"\" data-price=\"61.2\" rel=\"nofollow\" class=\"wp-block-button__link  add_to_cart_button\" data-no-translation=\"\" data-trp-gettext=\"\" data-no-translation-aria-label=\"\">Pasirinkti savybes<\/a><\/div>\n\t\t\t<\/li><\/ul><\/div><\/div><\/div>","protected":false},"excerpt":{"rendered":"You may be interested in\u2026 Your cart is currently empty! New in store","protected":false},"author":4,"featured_media":0,"parent":0,"menu_order":0,"comment_status":"closed","ping_status":"closed","template":"","meta":{"footnotes":""},"class_list":["post-23","page","type-page","status-publish","hentry"],"_links":{"self":[{"href":"https:\/\/shop.wilbergs.com\/lt\/wp-json\/wp\/v2\/pages\/23","targetHints":{"allow":["GET"]}}],"collection":[{"href":"https:\/\/shop.wilbergs.com\/lt\/wp-json\/wp\/v2\/pages"}],"about":[{"href":"https:\/\/shop.wilbergs.com\/lt\/wp-json\/wp\/v2\/types\/page"}],"author":[{"embeddable":true,"href":"https:\/\/shop.wilbergs.com\/lt\/wp-json\/wp\/v2\/users\/4"}],"replies":[{"embeddable":true,"href":"https:\/\/shop.wilbergs.com\/lt\/wp-json\/wp\/v2\/comments?post=23"}],"version-history":[{"count":4,"href":"https:\/\/shop.wilbergs.com\/lt\/wp-json\/wp\/v2\/pages\/23\/revisions"}],"predecessor-version":[{"id":939,"href":"https:\/\/shop.wilbergs.com\/lt\/wp-json\/wp\/v2\/pages\/23\/revisions\/939"}],"wp:attachment":[{"href":"https:\/\/shop.wilbergs.com\/lt\/wp-json\/wp\/v2\/media?parent=23"}],"curies":[{"name":"wp","href":"https:\/\/api.w.org\/{rel}","templated":true}]}}