{"id":26,"date":"2024-09-15T07:14:08","date_gmt":"2024-09-15T07:14:08","guid":{"rendered":"https:\/\/shop.wilbergs.com\/?page_id=26"},"modified":"2025-09-03T16:24:56","modified_gmt":"2025-09-03T16:24:56","slug":"shipping_returns","status":"publish","type":"page","link":"https:\/\/shop.wilbergs.com\/lt\/shipping_returns\/","title":{"rendered":"Pristatymas ir gr\u0105\u017einimas"},"content":{"rendered":"<p><b>Atsiskaitymas\u00a0<\/b><\/p>\n<p><span style=\"font-weight: 400;\">S\u0105skait\u0105-fakt\u016br\u0105 atsi\u0173sime Jums u\u017esakyme nurodytu el. pa\u0161to adresu i\u0161kart, kai J\u016bs\u0173 u\u017esakymas bus paruo\u0161tas i\u0161si\u0173sti.\u00a0<\/span><\/p>\n<p><span style=\"font-weight: 400;\">Elektronin\u0117 s\u0105skaita-fakt\u016bra yra ir garantinis dokumentas.\u00a0<\/span><\/p>\n<p><span style=\"font-weight: 400;\">Norint pakeisti ar at\u0161aukti u\u017esakym\u0105, nedelsiant susisiekite su m\u016bs\u0173 komanda el. pa\u0161tu sandelys.parketas@wilbergs.com. <\/span> Rekomenduojame at\u0161aukimo\/pakeitimo u\u017eklaus\u0105 pateikti ne v\u0117 liau kaip per <b>12 valand\u0173 <\/b><span style=\"font-weight: 400;\">nuo u\u017esakymo patvirtinimo.\u00a0<\/span><\/p>\n<p><b>Preki\u0173 pristatymas\u00a0<\/b><\/p>\n<p><span style=\"font-weight: 400;\">Pasirinktos prek\u0117s yra supakuojamos ir i\u0161siun\u010diamos per <strong>2\u201314 darbo dien\u0173<\/strong> nuo apmok\u0117jimo u\u017esakymo metu.\u00a0<\/span><\/p>\n<p><strong data-start=\"309\" data-end=\"325\">Atkreipkite d\u0117mes\u012f:<\/strong> kai kuri\u0173 pasirinkt\u0173 preki\u0173 pristatymas gali u\u017etrukti ilgiau.<\/p>\n<p><strong data-start=\"381\" data-end=\"393\">ZEN kilim\u0117liai<\/strong> \u2013 \u012fskaitant ZEN Black, ZEN Grey ir ZEN Beige \u2013 gaminami pagal u\u017esakym\u0105, tod\u0117l j\u0173 pristatymas gali u\u017etrukti iki <strong data-start=\"502\" data-end=\"513\">4 savai\u010di\u0173<\/strong>.<\/p>\n<p><span style=\"font-weight: 400;\">Kai J\u016bs\u0173 u\u017esakymas bus apdorotas ir i\u0161si\u0173stas, gausite el. lai\u0161k\u0105 su siuntos steb\u0117jimo  informacija. Jei negavote el. lai\u0161ko, b\u016btinai patikrinkite ir \u201e\u0161lam\u0161to\" aplank\u0105 savo el. pa\u0161to  d\u0117\u017eut\u0117je. Jei negavote savo steb\u0117jimo numerio, susisiekite su mumis adresu: <\/span><span style=\"font-weight: 400;\">sandelys.parketas@wilbergs.com<\/span><\/p>\n<p><span style=\"font-weight: 400;\">Gavus prekes rekomenduojame jas patikrinti. Jei manote, kad gavote ne t\u0105 prek\u0119 arba J\u016bs\u0173 u\u017esakyme tr\u016bksta preki\u0173, susisiekite su mumis el. pa\u0161tu.\u00a0<\/span><\/p>\n<p><b>Ar galima siunt\u0105 pristatyti \u012f daugiau negu vien\u0105 adres\u0105?\u00a0<\/b><\/p>\n<p><span style=\"font-weight: 400;\">\u0160iuo metu tokios paslaugos neteikiame. Jeigu norite prekes gauti \u012f skirtingus adresus  rekomenduojame atlikti atskirus u\u017esakymus ir ten pateikti norimus adresus.\u00a0<\/span><\/p>\n<p><b>Preki\u0173 gr\u0105\u017einimas\u00a0<\/b><\/p>\n<p><span style=\"font-weight: 400;\">Mes maloniai priimame gr\u0105\u017einimus d\u0117l bet kokios prie\u017easties, ta\u010diau gr\u0105\u017einimo i\u0161laidos tenka klientui.\u00a0<\/span><\/p>\n<p><span style=\"font-weight: 400;\">Prekes, \u012fsigytas m\u016bs\u0173 internetin\u0117je parduotuv\u0117je, galite gr\u0105\u017einti <\/span><b>per 14 kalendorini\u0173 dien\u0173 <\/b><span style=\"font-weight: 400;\">nuo pristatymo datos, jei prek\u0117s yra:\u00a0<\/span><\/p>\n<p><span style=\"font-weight: 400;\">- nenaudotos;\u00a0<\/span><\/p>\n<p><span style=\"font-weight: 400;\">- turi originalias etiketes;\u00a0<\/span><\/p>\n<p><span style=\"font-weight: 400;\">- nepa\u017eeistos;\u00a0<\/span><\/p>\n<p><span style=\"font-weight: 400;\">- nesugadintos ar kitaip nepakitusios nuo \u012fsigijimo momento.\u00a0<\/span><\/p>\n<p><span style=\"font-weight: 400;\">Kai tik gausime J\u016bs\u0173 gr\u0105\u017einim\u0105, m\u016bs\u0173 komanda patikrins prekes ir apdoros J\u016bs\u0173 gr\u0105\u017einim\u0105\nper 2 darbo dienas. Pra\u0161ome atkreipti d\u0117mes\u012f, kad originalios siuntimo i\u0161laidos n\u0117ra\ngr\u0105\u017einamos. D\u0117kojame u\u017e supratim\u0105!\u00a0<\/span><\/p>\n<p><b>Preki\u0173 gr\u0105\u017einimas ir keitimas d\u0117l netinkamos kokyb\u0117s\u00a0<\/b><\/p>\n<p><span style=\"font-weight: 400;\">Parduot\u0173 preki\u0173 tr\u016bkumai \u0161alinami, nekokybi\u0161kos prek\u0117s kei\u010diamos arba gr\u0105\u017einamos\nPardav\u0117jui. Nor\u0117dami keisti arba gr\u0105\u017einti prek\u0119 d\u0117l jos netinkamos kokyb\u0117s:\u00a0<\/span><\/p>\n<p><span style=\"font-weight: 400;\">- informuokite mus apie tai el. pa\u0161tu <\/span><span style=\"font-weight: 400;\">sandelys.parketas@wilbergs.com<\/span><span style=\"font-weight: 400;\">;\u00a0<\/span><\/p>\n<p><span style=\"font-weight: 400;\">- atsi\u0173skite kelet\u0105 nuotrauk\u0173, nurodan\u010di\u0173 kokyb\u0117s tr\u016bkumus;<\/span><\/p>\n<p><span style=\"font-weight: 400;\">- pateikite prek\u0117s \u012fsigijim\u0105 patvirtinant\u012f dokument\u0105 (s\u0105skaita fakt\u016bra).\u00a0<\/span><\/p>\n<p><span style=\"font-weight: 400;\">Jei prek\u0117s siun\u010diamos gr\u0105\u017einimui ar keitimui d\u0117l prek\u0117s tr\u016bkum\u0173 ar tr\u016bkumams \u0161alinti,\nsiuntimo i\u0161laidas apmoka Pardav\u0117jas.\u00a0<\/span><\/p>\n<p><b>Gr\u0105\u017einimo instrukcija:\u00a0<\/b><\/p>\n<p><span style=\"font-weight: 400;\">- nor\u0117dami gr\u0105\u017einti prek\u0119, informuokite mus apie tai el. pa\u0161tu sandelys.parketas@wilbergs.com;\u00a0<\/span><\/p>\n<p><span style=\"font-weight: 400;\">- prek\u0119 saugiai supakuokite. Rekomenduojama \u012f t\u0105 pa\u010di\u0105 pakuot\u0119, kurioje ji pasiek\u0117 Jus.\u00a0<\/span><\/p>\n<p><span style=\"font-weight: 400;\">- gr\u0105\u017einimo i\u0161laidas padengia Pirk\u0117jas.\u00a0<\/span><\/p>\n<p><span style=\"font-weight: 400;\">- brokuotos prek\u0117s atveju \u2013 gr\u0105\u017einim\u0105 apmoka Pardav\u0117jas.\u00a0<\/span><\/p>\n<p><span style=\"font-weight: 400;\">- prekes gr\u0105\u017einti kurjeriu ar Lietuvos pa\u0161tu, adresu: Kazimieravos k. 10, Vand\u017eiogalos\nsen., Kauno raj., LT-54394, UAB WILBERGS GROUP.\u00a0<\/span><\/p>\n<p><span style=\"font-weight: 400;\">Pinigai u\u017e prek\u0119 gr\u0105\u017einami <\/span><b>per 5 darbo dienas, <\/b><span style=\"font-weight: 400;\">po to kai prek\u0117 pasiekia nurodyt\u0105 adres\u0105, \u012f t\u0105\npa\u010di\u0105 s\u0105skait\u0105, i\u0161 kurios buvo gautas mok\u0117jimas.\u00a0<\/span><\/p>\n<p><b>Pa\u017eeistos ar pamestos pakuot\u0117s\u00a0<\/b><\/p>\n<p><span style=\"font-weight: 400;\">Susisiekite su mumis, jei paketas atkeliavo pas Jus jau sugadintas, padarykite kelet\u0105 jo\nnuotrauk\u0173 ir atsi\u0173skite mums el. lai\u0161k\u0105 su nuotraukomis.\u00a0<\/span><\/p>\n<p><span style=\"font-weight: 400;\">Mes negalime b\u016bti atsakingi u\u017e pamestas ar pavogtas pakuotes po to, kai u\u017esakymas bus\npristatytas Pirk\u0117jo nurodytu adresu.\u00a0<\/span><\/p>\n<p><span style=\"font-weight: 400;\">Jei Pirk\u0117jo paketas buvo pamestas gabenant, nedelsdami susisiekite su mumis adresu\u00a0 <\/span><span style=\"font-weight: 400;\">sandelys.parketas@wilbergs.com<\/span><span style=\"font-weight: 400;\">\u00a0<\/span><\/p>\n<p><span style=\"font-weight: 400;\">Neprisiimame atsakomyb\u0117s u\u017e prekes, pamestas Jums atliekant preki\u0173 gra\u017einim\u0105, tod\u0117l\nrekomenduojame pasilikti siuntos kvit\u0105 su sekimo numeriu.<\/span><\/p>","protected":false},"excerpt":{"rendered":"<p>Payment\u00a0 We will send you an invoice to the email address provided in your order as soon as your order is ready to be shipped.\u00a0 The electronic invoice is a warranty document.\u00a0 If you wish to change or cancel your order, please contact our team immediately by email at sandelys.parketas@wilbergs.com. [&hellip;]<\/p>","protected":false},"author":4,"featured_media":0,"parent":0,"menu_order":0,"comment_status":"closed","ping_status":"closed","template":"","meta":{"footnotes":""},"class_list":["post-26","page","type-page","status-publish","hentry"],"_links":{"self":[{"href":"https:\/\/shop.wilbergs.com\/lt\/wp-json\/wp\/v2\/pages\/26","targetHints":{"allow":["GET"]}}],"collection":[{"href":"https:\/\/shop.wilbergs.com\/lt\/wp-json\/wp\/v2\/pages"}],"about":[{"href":"https:\/\/shop.wilbergs.com\/lt\/wp-json\/wp\/v2\/types\/page"}],"author":[{"embeddable":true,"href":"https:\/\/shop.wilbergs.com\/lt\/wp-json\/wp\/v2\/users\/4"}],"replies":[{"embeddable":true,"href":"https:\/\/shop.wilbergs.com\/lt\/wp-json\/wp\/v2\/comments?post=26"}],"version-history":[{"count":18,"href":"https:\/\/shop.wilbergs.com\/lt\/wp-json\/wp\/v2\/pages\/26\/revisions"}],"predecessor-version":[{"id":933,"href":"https:\/\/shop.wilbergs.com\/lt\/wp-json\/wp\/v2\/pages\/26\/revisions\/933"}],"wp:attachment":[{"href":"https:\/\/shop.wilbergs.com\/lt\/wp-json\/wp\/v2\/media?parent=26"}],"curies":[{"name":"wp","href":"https:\/\/api.w.org\/{rel}","templated":true}]}}