{"id":3,"date":"2023-11-20T21:02:09","date_gmt":"2023-11-20T21:02:09","guid":{"rendered":"https:\/\/shop.wilbergs.com\/?page_id=3"},"modified":"2025-03-20T14:04:26","modified_gmt":"2025-03-20T14:04:26","slug":"privacy-policy","status":"publish","type":"page","link":"https:\/\/shop.wilbergs.com\/lt\/privacy-policy\/","title":{"rendered":"Privatumo politika"},"content":{"rendered":"<p><b>\u012evadas. Kas mes esame<\/b><\/p>\n<p><span style=\"font-weight: 400;\">Mes esame nedidel\u0117 ir stilinga e-parduotuv\u0117, si\u016blanti auk\u0161tos kokyb\u0117s produktus.<\/span><\/p>\n<p><span style=\"font-weight: 400;\">Siekdami u\u017etikrinti geresn\u0119 e. prekybos patirt\u012f m\u016bs\u0173 klientams, renkame ir naudojame informacij\u0105 apie:<\/span><\/p>\n<ul>\n<li aria-level=\"1\"><span style=\"font-weight: 400;\">lankytojus ar asmenis, kurie kreipiasi \u012f m\u016bs\u0173 klient\u0173 aptarnavimo komand\u0105;<\/span><\/li>\n<li aria-level=\"1\"><span style=\"font-weight: 400;\">klientus, kurie perka m\u016bs\u0173 e. parduotuv\u0117je.<\/span><\/li>\n<\/ul>\n<p><span style=\"font-weight: 400;\">\u0160i privatumo politika pad\u0117s Jums geriau suprasti, kaip mes renkame, naudojame ir dalijam\u0117s J\u016bs\u0173 asmenine informacija. Jei pakeisime savo privatumo praktik\u0105, galime atnaujinti \u0161i\u0105 privatumo politik\u0105.<\/span><\/p>\n<p>&nbsp;<\/p>\n<p><b>J\u016bs\u0173 informacija priklauso Jums<\/b><\/p>\n<p><span style=\"font-weight: 400;\">Mes atid\u017eiai analizuojame, koki\u0173 duomen\u0173 mums reikia, kad gal\u0117tume teikti savo paslaugas, ir stengiam\u0117s rinkti tik b\u016btiniausi\u0105 informacij\u0105. M\u016bs\u0173 pagrindinis principas yra tas, kad J\u016bs\u0173 informacija priklauso Jums, ir mes siekiame naudoti j\u0105 tik J\u016bs\u0173 naudai.<\/span><\/p>\n<p><b>\u00a0<\/b><\/p>\n<p><b>Mes saugome J\u016bs\u0173 informacij\u0105 nuo tre\u010di\u0173j\u0173 \u0161ali\u0173<\/b><\/p>\n<p><span style=\"font-weight: 400;\">Jei tre\u010dioji \u0161alis papra\u0161ys J\u016bs\u0173 asmenin\u0117s informacijos, mes atsisakysime j\u0105 dalytis, nebent suteiksite mums leidim\u0105 arba prival\u0117sime tai padaryti pagal \u012fstatymus. Kai pagal \u012fstatymus esame \u012fpareigoti pateikti J\u016bs\u0173 asmenin\u0119 informacij\u0105, informuosime Jus i\u0161 anksto, nebent to daryti mums neleid\u017eia teis\u0117s aktai.<\/span><\/p>\n<p>&nbsp;<\/p>\n<p><b>Kod\u0117l tvarkome J\u016bs\u0173 informacij\u0105<\/b><\/p>\n<p><span style=\"font-weight: 400;\">Paprastai tvarkome J\u016bs\u0173 informacij\u0105, kai tai b\u016btina siekiant \u012fvykdyti sutartinius \u012fsipareigojimus (pavyzd\u017eiui, apdoroti mok\u0117jimus) arba kai mums arba m\u016bs\u0173 partneriams reikia naudoti J\u016bs\u0173 asmenin\u0119 informacij\u0105 d\u0117l verslo prie\u017eas\u010di\u0173 (pavyzd\u017eiui, kurjeriui, teikian\u010diam Jums paslaug\u0105). Europos ekonomin\u0117je erdv\u0117je (\u201eEEE\u201c) ir Jungtin\u0117je Karalyst\u0117je (\u201eJK\u201c) \u0161ios prie\u017eastys vadinamos \u201eteis\u0117tais interesais\u201c. Tokie \u201eteis\u0117ti interesai\u201c apima:<\/span><\/p>\n<ul>\n<li style=\"font-weight: 400;\" aria-level=\"1\"><span style=\"font-weight: 400;\">rizikos ir suk\u010diavimo prevencij\u0105;<\/span><\/li>\n<li style=\"font-weight: 400;\" aria-level=\"1\"><span style=\"font-weight: 400;\">u\u017eklaus\u0173 atsakymus ar kitokios pagalbos teikim\u0105;<\/span><\/li>\n<li style=\"font-weight: 400;\" aria-level=\"1\"><span style=\"font-weight: 400;\">m\u016bs\u0173 produkt\u0173 ir paslaug\u0173 tobulinim\u0105;<\/span><\/li>\n<li style=\"font-weight: 400;\" aria-level=\"1\"><span style=\"font-weight: 400;\">rinkodaros, reklamos ar kit\u0173 komunikacijos priemoni\u0173 palaikym\u0105.<\/span><\/li>\n<\/ul>\n<p><span style=\"font-weight: 400;\">Bet kuriuo metu turite teis\u0119 at\u0161aukti savo sutikim\u0105 keisdami komunikacijos nustatymus, atsisakydami m\u016bs\u0173 prane\u0161im\u0173 arba susisiekdami su mumis.<\/span><\/p>\n<p>&nbsp;<\/p>\n<p><b>J\u016bs\u0173 teis\u0117s d\u0117l J\u016bs\u0173 informacijos<\/b><\/p>\n<p><span style=\"font-weight: 400;\">Jei perkate i\u0161 m\u016bs\u0173 ar kitaip pateikiate savo informacij\u0105 m\u016bs\u0173 e. parduotuv\u0117je ir norite, kad J\u016bs\u0173 asmenin\u0117 informacija b\u016bt\u0173 pa\u0161alinta, turite tiesiogiai su mumis susisiekti. Tai netaikoma duomenims, kuriuos privalome i\u0161saugoti administraciniais, teisiniais ar saugumo tikslais.<\/span><\/p>\n<p>&nbsp;<\/p>\n<p><b>Kam perduodame J\u016bs\u0173 informacij\u0105<\/b><\/p>\n<p><span style=\"font-weight: 400;\">Nors dedame visas pastangas apsaugoti J\u016bs\u0173 informacij\u0105, tam tikrais atvejais galime b\u016bti teisi\u0161kai \u012fpareigoti atskleisti J\u016bs\u0173 asmens duomenis (pavyzd\u017eiui, gavus galiojant\u012f teismo \u012fsakym\u0105).<\/span><\/p>\n<p>&nbsp;<\/p>\n<p><b>Kiek laiko saugome J\u016bs\u0173 informacij\u0105?<\/b><\/p>\n<p><span style=\"font-weight: 400;\">J\u016bs\u0173 asmens duomenis saugosime tik tiek laiko, kiek b\u016btina tikslams, d\u0117l kuri\u0173 jie buvo surinkti, \u012fgyvendinti. Nustatydami tinkam\u0105 saugojimo laikotarp\u012f, atsi\u017evelgiame \u012f duomen\u0173 kiek\u012f, pob\u016bd\u012f ir jautrum\u0105, galim\u0105 \u017ealos rizik\u0105 d\u0117l neteis\u0117to j\u0173 naudojimo ar atskleidimo, tvarkymo tikslus ir taikomus teisinius reikalavimus. Mes taip pat i\u0161saugosime ir naudosime J\u016bs\u0173 asmenin\u0119 informacij\u0105 tiek, kiek b\u016btina m\u016bs\u0173 teisini\u0173 \u012fsipareigojim\u0173 vykdymui, gin\u010d\u0173 sprendimui ir m\u016bs\u0173 politikos laikymuisi. Jei nustojate naudotis m\u016bs\u0173 paslaugomis arba i\u0161trinate savo paskyr\u0105, J\u016bs\u0173 informacij\u0105 i\u0161trinsime arba laikysime anonimizuotu formatu.<\/span><\/p>\n<p><span style=\"font-weight: 400;\">Atsi\u017evelgiant \u012f tai, ar esate prekybininkas, klientas, partneris, naudotojas ar lankytojas, i\u0161samios informacijos apie J\u016bs\u0173 asmens duomen\u0173 saugojim\u0105 rasite m\u016bs\u0173 papildomose privatumo politikose.<\/span><\/p>\n<p>&nbsp;<\/p>\n<p><b>Kaip naudojame slapukus ir kitas sekimo technologijas<\/b><\/p>\n<p><span style=\"font-weight: 400;\">M\u016bs\u0173 svetain\u0117je ir teikiant paslaugas naudojame\u00a0<\/span><a href=\"https:\/\/www.allaboutcookies.org\/\"><span style=\"font-weight: 400;\">slapukus<\/span><\/a><span style=\"font-weight: 400;\">\u00a0ir pana\u0161ias sekimo technologijas.\u00a0<\/span><\/p>\n<p>&nbsp;<\/p>\n<p><b>Kas yra slapukai?<\/b><\/p>\n<p><span style=\"font-weight: 400;\">Slapukas \u2013 tai nedidelis informacijos kiekis, kuris atsisiun\u010diamas \u012f J\u016bs\u0173 kompiuter\u012f ar \u012frengin\u012f, kai lankot\u0117s tam tikrose svetain\u0117se. M\u016bs\u0173 svetain\u0117je naudojami keli skirtingi slapukai, \u012fskaitant b\u016btinus, na\u0161umo, reklamos ir socialin\u0117s medijos ar turinio slapukus. Slapukai pagerina J\u016bs\u0173 nar\u0161ymo patirt\u012f, nes leid\u017eia svetainei \u012fsiminti J\u016bs\u0173 veiksmus ir nustatymus (pvz., regiono pasirinkim\u0105). Tai rei\u0161kia, kad kaskart gr\u012f\u017eus \u012f svetain\u0119 nereik\u0117s i\u0161 naujo \u012fvesti \u0161ios informacijos. Slapukai taip pat padeda mums suprasti, kaip lankytojai naudojasi svetaine.<\/span><\/p>\n<p>&nbsp;<\/p>\n<p><b>Kiek laiko slapukai i\u0161lieka mano \u012frenginyje?<\/b><\/p>\n<p><span style=\"font-weight: 400;\">Slapuko i\u0161likimo trukm\u0117 priklauso nuo to, ar jis yra \u201enuolatinis\u201c, ar \u201eseanso\u201c slapukas. Seanso slapukai galioja tol, kol nar\u0161ote svetain\u0117je, o nuolatiniai slapukai i\u0161lieka iki j\u0173 galiojimo pabaigos arba kol juos i\u0161trinate. Dauguma m\u016bs\u0173 naudojam\u0173 slapuk\u0173 yra nuolatiniai ir galioja nuo 30 minu\u010di\u0173 iki dvej\u0173 met\u0173 nuo j\u0173 atsisiuntimo \u012f J\u016bs\u0173 \u012frengin\u012f.<\/span><\/p>\n<p>&nbsp;<\/p>\n<p><b>Kaip valdyti slapukus?<\/b><\/p>\n<p><span style=\"font-weight: 400;\">Galite valdyti ir keisti slapuk\u0173 nustatymus \u012fvairiais b\u016bdais. Atminkite, kad pa\u0161alinus arba u\u017eblokavus slapukus gali pablog\u0117ti vartotojo patirtis, o kai kurios m\u016bs\u0173 svetain\u0117s dalys gali tapti neprieinamos.<\/span><\/p>\n<p><span style=\"font-weight: 400;\">Dauguma nar\u0161ykli\u0173 automati\u0161kai priima slapukus, ta\u010diau galite pasirinkti, ar norite juos priimti per savo nar\u0161ykl\u0117s nustatymus. Daugiau informacijos apie slapuk\u0173 valdym\u0105 galite rasti savo nar\u0161ykl\u0117s pagalbos faile.\u00a0<\/span><\/p>\n<p><span style=\"font-weight: 400;\">Daugelis auk\u0161\u010diau i\u0161vardyt\u0173 tre\u010di\u0173j\u0173 \u0161ali\u0173 reklamos ir steb\u0117jimo paslaug\u0173 suteikia galimyb\u0119 atsisakyti j\u0173 sekimo sistem\u0173. Daugiau informacijos apie renkamus duomenis ir atsisakymo galimybes rasite auk\u0161\u010diau pateiktose privatumo politikos nuorodose.<\/span><\/p>\n<p>&nbsp;<\/p>\n<p><b>\u012eterptas turinys i\u0161 kit\u0173 svetaini\u0173<\/b><\/p>\n<p><span style=\"font-weight: 400;\">M\u016bs\u0173 svetain\u0117je gali b\u016bti straipsni\u0173 su \u012fterptu turiniu (pvz., vaizdo \u012fra\u0161ai, paveiksl\u0117liai, straipsniai ir kt.). \u012eterptas turinys i\u0161 kit\u0173 svetaini\u0173 veikia taip pat, lyg lankytojas b\u016bt\u0173 apsilank\u0119s toje svetain\u0117je.<\/span><\/p>\n<p><span style=\"font-weight: 400;\">\u0160ios svetain\u0117s gali rinkti duomenis apie Jus, naudoti slapukus, \u012fterpti papildomus tre\u010di\u0173j\u0173 \u0161ali\u0173 sekimo \u012frankius ir steb\u0117ti J\u016bs\u0173 s\u0105veik\u0105 su \u012fterptu turiniu, jei turite paskyr\u0105 ir esate prisijung\u0119 prie tos svetain\u0117s.<\/span><\/p>","protected":false},"excerpt":{"rendered":"<p>Introduction. Who are we We are a tiny and beautiful e-shop with quality products. In our mission to make e-commerce better for everyone at our e-shop, we collect and use information about: visitors or anyone contacting\u00a0our Customer Support. customers who purchase at our e-shop. This Privacy Policy will help you [&hellip;]<\/p>","protected":false},"author":4,"featured_media":0,"parent":0,"menu_order":0,"comment_status":"closed","ping_status":"open","template":"","meta":{"footnotes":""},"class_list":["post-3","page","type-page","status-publish","hentry"],"_links":{"self":[{"href":"https:\/\/shop.wilbergs.com\/lt\/wp-json\/wp\/v2\/pages\/3","targetHints":{"allow":["GET"]}}],"collection":[{"href":"https:\/\/shop.wilbergs.com\/lt\/wp-json\/wp\/v2\/pages"}],"about":[{"href":"https:\/\/shop.wilbergs.com\/lt\/wp-json\/wp\/v2\/types\/page"}],"author":[{"embeddable":true,"href":"https:\/\/shop.wilbergs.com\/lt\/wp-json\/wp\/v2\/users\/4"}],"replies":[{"embeddable":true,"href":"https:\/\/shop.wilbergs.com\/lt\/wp-json\/wp\/v2\/comments?post=3"}],"version-history":[{"count":5,"href":"https:\/\/shop.wilbergs.com\/lt\/wp-json\/wp\/v2\/pages\/3\/revisions"}],"predecessor-version":[{"id":839,"href":"https:\/\/shop.wilbergs.com\/lt\/wp-json\/wp\/v2\/pages\/3\/revisions\/839"}],"wp:attachment":[{"href":"https:\/\/shop.wilbergs.com\/lt\/wp-json\/wp\/v2\/media?parent=3"}],"curies":[{"name":"wp","href":"https:\/\/api.w.org\/{rel}","templated":true}]}}