{"id":865,"date":"2025-05-02T10:21:19","date_gmt":"2025-05-02T10:21:19","guid":{"rendered":"https:\/\/shop.wilbergs.com\/?page_id=865"},"modified":"2025-05-07T17:59:52","modified_gmt":"2025-05-07T17:59:52","slug":"safe-payment","status":"publish","type":"page","link":"https:\/\/shop.wilbergs.com\/lt\/safe-payment\/","title":{"rendered":"Saugus apmok\u0117jimas"},"content":{"rendered":"<p data-start=\"426\" data-end=\"454\"><strong>1. Saug\u016bs atsiskaitymai<\/strong><\/p>\n<p class=\"\" data-start=\"455\" data-end=\"644\">Visi mok\u0117jimai yra u\u017e\u0161ifruoti naudojant SSL (Secure Socket Layer) technologij\u0105, kuri u\u017etikrina saug\u0173 duomen\u0173 perdavim\u0105 ir apsaug\u0105 nuo neteis\u0117to prieigos.<\/p>\n<p data-start=\"646\" data-end=\"679\"><strong>2. Priimami mok\u0117jimo b\u016bdai<\/strong><\/p>\n<p class=\"\" data-start=\"680\" data-end=\"737\">\u0160iuo metu priimame \u0161iuos saugius atsiskaitymo b\u016bdus:<\/p>\n<ul data-start=\"739\" data-end=\"847\">\n<li class=\"\" data-start=\"739\" data-end=\"749\">\n<p class=\"\" data-start=\"741\" data-end=\"749\">Bankiniai mok\u0117jimai (Swedbank, SEB, \u0160iauli\u0173 bankas (per Artae))<\/p>\n<\/li>\n<li class=\"\" data-start=\"761\" data-end=\"806\">\n<p class=\"\" data-start=\"763\" data-end=\"806\">Kreditin\u0117s ir debetin\u0117s kortel\u0117s (Visa, Mastercard, Revolut)<\/p>\n<\/li>\n<li class=\"\" data-start=\"807\" data-end=\"847\">\n<p class=\"\" data-start=\"809\" data-end=\"847\">Atsiskaitymas i\u0161simok\u0117tinai (Inbank Moki3, Inbank lizingas)<\/p>\n<\/li>\n<\/ul>\n<p class=\"\" data-start=\"849\" data-end=\"949\">Visi tiek\u0117jai taiko auk\u0161tus saugumo standartus ir atitinka PSD2 bei BDAR (GDPR) reikalavimus.<\/p>\n<p data-start=\"951\" data-end=\"978\"><strong>3. Mok\u0117jimo apdorojimas<\/strong><\/p>\n<p class=\"\" data-start=\"979\" data-end=\"1114\">Mok\u0117jimai yra apdorojami saugiai pirkimo metu. Mes <strong data-start=\"1045\" data-end=\"1058\">nesaugome<\/strong> J\u016bs\u0173 kortel\u0117s ar banko duomen\u0173 m\u016bs\u0173 serveriuose.<\/p>\n<p data-start=\"1116\" data-end=\"1141\"><strong>4. Suk\u010diavimo prevencija<\/strong><\/p>\n<p class=\"\" data-start=\"1142\" data-end=\"1376\">Siekdami u\u017etikrinti klient\u0173 ir verslo saugum\u0105, kai kuriais atvejais galime atlikti u\u017esakym\u0173 patikrinimus. Esant poreikiui, susisieksime su Jumis papildomai. \u012etartini u\u017esakymai gali b\u016bti u\u017edelsti arba at\u0161aukti.<\/p>\n<p data-start=\"1378\" data-end=\"1406\"><strong>5. Klient\u0173 apsauga<\/strong><\/p>\n<p class=\"\" data-start=\"1407\" data-end=\"1577\">Pasteb\u0117jus neteis\u0117t\u0105 mok\u0117jim\u0105 ar i\u0161kilus kitam klausimui d\u0117l mok\u0117jimo, nedelsdami kreipkit\u0117s \u012f savo bank\u0105 arba mok\u0117jim\u0173 tiek\u0117j\u0105. Taip pat galite susisiekti su m\u016bs\u0173 klient\u0173 aptarnavimo komanda.<\/p>\n<p data-start=\"1579\" data-end=\"1595\"><strong>6. Kontaktai<\/strong><\/p>\n<p class=\"\" data-start=\"1596\" data-end=\"1661\">Kilus klausimams d\u0117l atsiskaitym\u0173 ar saugumo, susisiekite su mumis:<\/p>\n<p class=\"\" data-start=\"1663\" data-end=\"1772\"><strong data-start=\"1663\" data-end=\"1673\">El. pa\u0161tas:<\/strong> <a rel=\"noopener\" data-start=\"1674\" data-end=\"1745\">sandelys.parketas@wilbergs.com<\/a><\/p>","protected":false},"excerpt":{"rendered":"<p>1. Secure transactions All transactions are encrypted with SSL (Secure Socket Layer) technology, which ensures that your payment information is securely transmitted and cannot be accessed by unauthorized parties. 2. Accepted payment methods We currently accept the following secure payment options: Bank-link (Swedbank, SEB, \u0160iauli\u0173 bankas (via Artae)) Credit and [&hellip;]<\/p>","protected":false},"author":4,"featured_media":0,"parent":0,"menu_order":0,"comment_status":"closed","ping_status":"closed","template":"","meta":{"footnotes":""},"class_list":["post-865","page","type-page","status-publish","hentry"],"_links":{"self":[{"href":"https:\/\/shop.wilbergs.com\/lt\/wp-json\/wp\/v2\/pages\/865","targetHints":{"allow":["GET"]}}],"collection":[{"href":"https:\/\/shop.wilbergs.com\/lt\/wp-json\/wp\/v2\/pages"}],"about":[{"href":"https:\/\/shop.wilbergs.com\/lt\/wp-json\/wp\/v2\/types\/page"}],"author":[{"embeddable":true,"href":"https:\/\/shop.wilbergs.com\/lt\/wp-json\/wp\/v2\/users\/4"}],"replies":[{"embeddable":true,"href":"https:\/\/shop.wilbergs.com\/lt\/wp-json\/wp\/v2\/comments?post=865"}],"version-history":[{"count":8,"href":"https:\/\/shop.wilbergs.com\/lt\/wp-json\/wp\/v2\/pages\/865\/revisions"}],"predecessor-version":[{"id":894,"href":"https:\/\/shop.wilbergs.com\/lt\/wp-json\/wp\/v2\/pages\/865\/revisions\/894"}],"wp:attachment":[{"href":"https:\/\/shop.wilbergs.com\/lt\/wp-json\/wp\/v2\/media?parent=865"}],"curies":[{"name":"wp","href":"https:\/\/api.w.org\/{rel}","templated":true}]}}