{"id":540,"date":"2024-09-21T11:19:14","date_gmt":"2024-09-21T11:19:14","guid":{"rendered":"https:\/\/shop.wilbergs.com\/product\/sand-2\/"},"modified":"2026-02-23T12:26:35","modified_gmt":"2026-02-23T12:26:35","slug":"sand-2","status":"publish","type":"product","link":"https:\/\/shop.wilbergs.com\/lt\/produktas\/sand-2\/","title":{"rendered":"Sand 85\u00d7130 cm"},"content":{"rendered":"<p>\u012esivaizduokite, kad kiekvien\u0105 dien\u0105 gr\u012f\u017etate namo, kad jaustum\u0117te ramyb\u0117s ir komforto jausm\u0105. \u0160tai k\u0105 m\u016bs\u0173 dur\u0173 kilim\u0117lis Heymat Sand, kur\u012f suk\u016br\u0117 garsi norveg\u0173 dizainer\u0117 Kristine Five Melv\u00e6r, atne\u0161a prie j\u016bs\u0173 dur\u0173. \u012ekv\u0117ptas gamtos raminan\u010di\u0173 element\u0173, \u0161is kilim\u0117lis sujungia auk\u0161\u010diausios kokyb\u0117s skandinavi\u0161k\u0105 dizain\u0105 su funkcionalumu ir \u0161iuolaiki\u0161kumu. Sukurtas tiems, kurie vertina stili\u0173 ir ilgaam\u017ei\u0161kum\u0105, \u0161ilti, \u017eemi\u0161ki tonai ir \u017eav\u016bs ra\u0161tai sukuria sveting\u0105 atmosfer\u0105 bet kuriame \u012f\u0117jime. Nesvarbu, ar ie\u0161kote ramyb\u0117s, ar stilingos detal\u0117s, \u0161is apdovanojimus peln\u0119s dizainas pagerins pirm\u0105j\u012f j\u016bs\u0173 nam\u0173 \u012fsp\u016bd\u012f.<\/p>\n<ul>\n<li>Tinka naudoti tiek viduje, tiek lauke<\/li>\n<li>Efektyviai nubraukia ir sulaiko ne\u0161varumus<\/li>\n<li>Stipriai sugeria ir sulaiko dr\u0117gm\u0119<\/li>\n<li>Pagaminta i\u0161 perdirbt\u0173 med\u017eiag\u0173<\/li>\n<li>Lengva prie\u017ei\u016bra<\/li>\n<\/ul>","protected":false},"excerpt":{"rendered":"<p><strong><a href=\"https:\/\/shop.wilbergs.com\/lt\/shipping_returns\/\">\u24d8<\/a><\/strong> I\u0161siun\u010diama per 2\u201314 d.d.<\/p>\n<p>&nbsp;<\/p>","protected":false},"featured_media":648,"comment_status":"closed","ping_status":"closed","template":"","meta":[],"product_cat":[25,26],"product_tag":[],"class_list":{"0":"post-540","1":"product","2":"type-product","3":"status-publish","4":"has-post-thumbnail","6":"product_cat-interior","7":"product_cat-mats","9":"first","10":"instock","11":"sale","12":"taxable","13":"shipping-taxable","14":"purchasable","15":"product-type-simple"},"_links":{"self":[{"href":"https:\/\/shop.wilbergs.com\/lt\/wp-json\/wp\/v2\/product\/540","targetHints":{"allow":["GET"]}}],"collection":[{"href":"https:\/\/shop.wilbergs.com\/lt\/wp-json\/wp\/v2\/product"}],"about":[{"href":"https:\/\/shop.wilbergs.com\/lt\/wp-json\/wp\/v2\/types\/product"}],"replies":[{"embeddable":true,"href":"https:\/\/shop.wilbergs.com\/lt\/wp-json\/wp\/v2\/comments?post=540"}],"wp:featuredmedia":[{"embeddable":true,"href":"https:\/\/shop.wilbergs.com\/lt\/wp-json\/wp\/v2\/media\/648"}],"wp:attachment":[{"href":"https:\/\/shop.wilbergs.com\/lt\/wp-json\/wp\/v2\/media?parent=540"}],"wp:term":[{"taxonomy":"product_cat","embeddable":true,"href":"https:\/\/shop.wilbergs.com\/lt\/wp-json\/wp\/v2\/product_cat?post=540"},{"taxonomy":"product_tag","embeddable":true,"href":"https:\/\/shop.wilbergs.com\/lt\/wp-json\/wp\/v2\/product_tag?post=540"}],"curies":[{"name":"wp","href":"https:\/\/api.w.org\/{rel}","templated":true}]}}