{"id":698,"date":"2024-10-14T13:29:26","date_gmt":"2024-10-14T13:29:26","guid":{"rendered":"https:\/\/shop.wilbergs.com\/?post_type=product&#038;p=698"},"modified":"2025-11-18T14:42:25","modified_gmt":"2025-11-18T14:42:25","slug":"wilbergs-silane-adhesive","status":"publish","type":"product","link":"https:\/\/shop.wilbergs.com\/lt\/produktas\/wilbergs-silane-adhesive\/","title":{"rendered":"Wilbergs elastingi klijai medin\u0117ms grindims"},"content":{"rendered":"<p>Wilbergs elastingi klijai medin\u0117ms grindims.<\/p>\n<p>Vienkomponen\u010diai silaniniai klijai, specialiai sukurti vis\u0173 r\u016b\u0161i\u0173 medin\u0117ms grindims klijuoti prie betonini\u0173 grind\u0173, faneros ar med\u017eio dro\u017eli\u0173 plok\u0161\u010di\u0173 pavir\u0161i\u0173 ir nesugerian\u010di\u0173 grind\u0173 (pvz., marmuro, plyteli\u0173, grind\u0173, medini\u0173 pavir\u0161i\u0173). Tolygiai u\u017etepti ant pavir\u0161iaus, \u201cWilbergs SILANE ADHESIVE\u201c sukuria vandeniui nepralaid\u0173 barjer\u0105, kuris padeda i\u0161vengti dr\u0117gm\u0117s kilimo i\u0161 betono pagrindo.<\/p>\n<p><strong>Papildoma informacija:\u00a0<\/strong><a href=\"https:\/\/shop.wilbergs.com\/wp-content\/uploads\/2024\/10\/Wilbergs-elsatiniai-klijai.pdf\" target=\"_blank\" rel=\"noopener\">skaityti daugiau<\/a><\/p>","protected":false},"excerpt":{"rendered":"<p><strong><a href=\"https:\/\/shop.wilbergs.com\/lt\/shipping_returns\/\">\u24d8<\/a><\/strong> I\u0161siun\u010diama per 2\u201314 d.d.<\/p>\n<p>&nbsp;<\/p>","protected":false},"featured_media":705,"comment_status":"closed","ping_status":"closed","template":"","meta":[],"product_cat":[17],"product_tag":[],"class_list":{"0":"post-698","1":"product","2":"type-product","3":"status-publish","4":"has-post-thumbnail","6":"product_cat-wood-maintenance","8":"first","9":"instock","10":"sale","11":"taxable","12":"shipping-taxable","13":"purchasable","14":"product-type-simple"},"_links":{"self":[{"href":"https:\/\/shop.wilbergs.com\/lt\/wp-json\/wp\/v2\/product\/698","targetHints":{"allow":["GET"]}}],"collection":[{"href":"https:\/\/shop.wilbergs.com\/lt\/wp-json\/wp\/v2\/product"}],"about":[{"href":"https:\/\/shop.wilbergs.com\/lt\/wp-json\/wp\/v2\/types\/product"}],"replies":[{"embeddable":true,"href":"https:\/\/shop.wilbergs.com\/lt\/wp-json\/wp\/v2\/comments?post=698"}],"wp:featuredmedia":[{"embeddable":true,"href":"https:\/\/shop.wilbergs.com\/lt\/wp-json\/wp\/v2\/media\/705"}],"wp:attachment":[{"href":"https:\/\/shop.wilbergs.com\/lt\/wp-json\/wp\/v2\/media?parent=698"}],"wp:term":[{"taxonomy":"product_cat","embeddable":true,"href":"https:\/\/shop.wilbergs.com\/lt\/wp-json\/wp\/v2\/product_cat?post=698"},{"taxonomy":"product_tag","embeddable":true,"href":"https:\/\/shop.wilbergs.com\/lt\/wp-json\/wp\/v2\/product_tag?post=698"}],"curies":[{"name":"wp","href":"https:\/\/api.w.org\/{rel}","templated":true}]}}