{"id":701,"date":"2024-10-14T12:40:57","date_gmt":"2024-10-14T12:40:57","guid":{"rendered":"https:\/\/shop.wilbergs.com\/?post_type=product&#038;p=701"},"modified":"2025-09-18T11:10:20","modified_gmt":"2025-09-18T11:10:20","slug":"wilbergs-polyurethane","status":"publish","type":"product","link":"https:\/\/shop.wilbergs.com\/lt\/produktas\/wilbergs-polyurethane\/","title":{"rendered":"Wilbergs poliuretaininis gruntas"},"content":{"rendered":"<p>Wilbergs Poliuretanins gruntas.<\/p>\n<p>Konsoliduojan\u010dioji dr\u0117gm\u0119 atstumianti derva, skirta \u012fgeriantiems pavir\u0161iams ar grindims apdoroti.<\/p>\n<p><strong>Papildoma informacija: <\/strong><a href=\"https:\/\/shop.wilbergs.com\/wp-content\/uploads\/2024\/10\/Wilbergs-Poliuretanins-gruntas.pdf\" target=\"_blank\" rel=\"noopener\">skaityti daugiau<\/a><\/p>","protected":false},"excerpt":{"rendered":"<p><strong><a href=\"https:\/\/shop.wilbergs.com\/lt\/shipping_returns\/\">\u24d8<\/a><\/strong> I\u0161siun\u010diama per 2\u201314 d.d.<\/p>\n<p>&nbsp;<\/p>","protected":false},"featured_media":707,"comment_status":"closed","ping_status":"closed","template":"","meta":[],"product_cat":[17],"product_tag":[],"class_list":{"0":"post-701","1":"product","2":"type-product","3":"status-publish","4":"has-post-thumbnail","6":"product_cat-wood-maintenance","8":"first","9":"instock","10":"sale","11":"taxable","12":"shipping-taxable","13":"purchasable","14":"product-type-simple"},"_links":{"self":[{"href":"https:\/\/shop.wilbergs.com\/lt\/wp-json\/wp\/v2\/product\/701","targetHints":{"allow":["GET"]}}],"collection":[{"href":"https:\/\/shop.wilbergs.com\/lt\/wp-json\/wp\/v2\/product"}],"about":[{"href":"https:\/\/shop.wilbergs.com\/lt\/wp-json\/wp\/v2\/types\/product"}],"replies":[{"embeddable":true,"href":"https:\/\/shop.wilbergs.com\/lt\/wp-json\/wp\/v2\/comments?post=701"}],"wp:featuredmedia":[{"embeddable":true,"href":"https:\/\/shop.wilbergs.com\/lt\/wp-json\/wp\/v2\/media\/707"}],"wp:attachment":[{"href":"https:\/\/shop.wilbergs.com\/lt\/wp-json\/wp\/v2\/media?parent=701"}],"wp:term":[{"taxonomy":"product_cat","embeddable":true,"href":"https:\/\/shop.wilbergs.com\/lt\/wp-json\/wp\/v2\/product_cat?post=701"},{"taxonomy":"product_tag","embeddable":true,"href":"https:\/\/shop.wilbergs.com\/lt\/wp-json\/wp\/v2\/product_tag?post=701"}],"curies":[{"name":"wp","href":"https:\/\/api.w.org\/{rel}","templated":true}]}}