{"id":702,"date":"2024-10-14T12:48:01","date_gmt":"2024-10-14T12:48:01","guid":{"rendered":"https:\/\/shop.wilbergs.com\/?post_type=product&#038;p=702"},"modified":"2025-09-18T11:06:41","modified_gmt":"2025-09-18T11:06:41","slug":"wilbergs-dust-stopper","status":"publish","type":"product","link":"https:\/\/shop.wilbergs.com\/lt\/produktas\/wilbergs-dust-stopper\/","title":{"rendered":"Wilbergs vandens pagrindo, dulkes atstumiantis gruntas"},"content":{"rendered":"<p>Wilbergs vandens pagrindo dulkes atstumiantis gruntas.<\/p>\n<p>Dulk\u0117ms atsparus gruntas, specialiai sukurtas puriai ar dulk\u0117tai i\u0161lyginamajai dangai, i\u0161lyginamajam betonui ar anhidritinei i\u0161lyginamajai dangai. Gamin\u012f galima naudoti su reaktyviniais klijais, t.y. tiek su vienkomponen\u010diais silaniniais klijais, tiek su dvikomponen\u010diais epoksidiniais-poliuretaniniais ar poliuretaniniais klijais.<\/p>\n<p><strong>Svoris:<\/strong> 10 Kg<\/p>\n<p><strong>Papildoma informacija:\u00a0<\/strong><a href=\"https:\/\/shop.wilbergs.com\/wp-content\/uploads\/2024\/10\/Wilbergs-Dust-Stopper.pdf\" target=\"_blank\" rel=\"noopener\">skaityti daugiau<\/a><\/p>","protected":false},"excerpt":{"rendered":"<p><strong><a href=\"https:\/\/shop.wilbergs.com\/lt\/shipping_returns\/\">\u24d8<\/a><\/strong> I\u0161siun\u010diama per 2\u201314 d.d.<\/p>\n<p>&nbsp;<\/p>","protected":false},"featured_media":704,"comment_status":"closed","ping_status":"closed","template":"","meta":[],"product_cat":[17],"product_tag":[],"class_list":{"0":"post-702","1":"product","2":"type-product","3":"status-publish","4":"has-post-thumbnail","6":"product_cat-wood-maintenance","8":"first","9":"instock","10":"sale","11":"taxable","12":"shipping-taxable","13":"purchasable","14":"product-type-simple"},"_links":{"self":[{"href":"https:\/\/shop.wilbergs.com\/lt\/wp-json\/wp\/v2\/product\/702","targetHints":{"allow":["GET"]}}],"collection":[{"href":"https:\/\/shop.wilbergs.com\/lt\/wp-json\/wp\/v2\/product"}],"about":[{"href":"https:\/\/shop.wilbergs.com\/lt\/wp-json\/wp\/v2\/types\/product"}],"replies":[{"embeddable":true,"href":"https:\/\/shop.wilbergs.com\/lt\/wp-json\/wp\/v2\/comments?post=702"}],"wp:featuredmedia":[{"embeddable":true,"href":"https:\/\/shop.wilbergs.com\/lt\/wp-json\/wp\/v2\/media\/704"}],"wp:attachment":[{"href":"https:\/\/shop.wilbergs.com\/lt\/wp-json\/wp\/v2\/media?parent=702"}],"wp:term":[{"taxonomy":"product_cat","embeddable":true,"href":"https:\/\/shop.wilbergs.com\/lt\/wp-json\/wp\/v2\/product_cat?post=702"},{"taxonomy":"product_tag","embeddable":true,"href":"https:\/\/shop.wilbergs.com\/lt\/wp-json\/wp\/v2\/product_tag?post=702"}],"curies":[{"name":"wp","href":"https:\/\/api.w.org\/{rel}","templated":true}]}}