{"id":709,"date":"2024-11-20T09:36:49","date_gmt":"2024-11-20T09:36:49","guid":{"rendered":"https:\/\/shop.wilbergs.com\/?post_type=product&#038;p=709"},"modified":"2025-09-18T11:04:40","modified_gmt":"2025-09-18T11:04:40","slug":"berger-seidle-aqua-seal-natural-white","status":"publish","type":"product","link":"https:\/\/shop.wilbergs.com\/lt\/produktas\/berger-seidle-aqua-seal-natural-white\/","title":{"rendered":"Lakas Berger-Seidle AQUA SEAL Natural White"},"content":{"rendered":"<p>AquaSeal GreenStar yra poliuretaninis\u00a0vandens pagrindo dvikomponentis\u00a0premium klas\u0117s lakas, skirtas medin\u0117ms grindims.<\/p>\n<p>D\u0117l savo ypating\u0173 savybi\u0173 ir elastingumo pasi\u017eymi puikiu atsparumu bei universaliu pritaikymu.\u00a0 Tinkamas netgi kam\u0161tin\u0117ms grindims, taip pat pasi\u017eymi i\u0161skirtiniu cheminiu atsparumu. Jis pasi\u017eymi itin matiniu pavir\u0161iumi ir d\u0117l to beveik nesimato apdailos.<\/p>\n<p><strong>D\u0117mesio! Saugoti nuo \u0161al\u010dio!<\/strong> Rekomenduojama laikyti ne \u017eemesn\u0117je nei +5 C temperat\u016broje. Esant \u017eemesnei temperat\u016brai, rekomenduojama rinktis pristatym\u0105 kurjeriu arba atsi\u0117mim\u0105 parduotuv\u0117je.<\/p>\n<p><strong>Tapla:<\/strong> 5.5 L<\/p>\n<p><strong>Papildoma informacija:\u00a0<\/strong><a href=\"https:\/\/shop.wilbergs.com\/wp-content\/uploads\/2024\/11\/AquaSeal-NaturalWhite-TM-EN_red-1.pdf\">skaityti daugiau<\/a><\/p>\n<p>&nbsp;<\/p>","protected":false},"excerpt":{"rendered":"<p><strong><a href=\"https:\/\/shop.wilbergs.com\/lt\/shipping_returns\/\">\u24d8<\/a><\/strong> I\u0161siun\u010diama per 2\u201314 d.d.<\/p>\n<p>&nbsp;<\/p>","protected":false},"featured_media":713,"comment_status":"closed","ping_status":"closed","template":"","meta":[],"product_cat":[17],"product_tag":[],"class_list":{"0":"post-709","1":"product","2":"type-product","3":"status-publish","4":"has-post-thumbnail","6":"product_cat-wood-maintenance","8":"first","9":"instock","10":"sale","11":"taxable","12":"shipping-taxable","13":"purchasable","14":"product-type-simple"},"_links":{"self":[{"href":"https:\/\/shop.wilbergs.com\/lt\/wp-json\/wp\/v2\/product\/709","targetHints":{"allow":["GET"]}}],"collection":[{"href":"https:\/\/shop.wilbergs.com\/lt\/wp-json\/wp\/v2\/product"}],"about":[{"href":"https:\/\/shop.wilbergs.com\/lt\/wp-json\/wp\/v2\/types\/product"}],"replies":[{"embeddable":true,"href":"https:\/\/shop.wilbergs.com\/lt\/wp-json\/wp\/v2\/comments?post=709"}],"wp:featuredmedia":[{"embeddable":true,"href":"https:\/\/shop.wilbergs.com\/lt\/wp-json\/wp\/v2\/media\/713"}],"wp:attachment":[{"href":"https:\/\/shop.wilbergs.com\/lt\/wp-json\/wp\/v2\/media?parent=709"}],"wp:term":[{"taxonomy":"product_cat","embeddable":true,"href":"https:\/\/shop.wilbergs.com\/lt\/wp-json\/wp\/v2\/product_cat?post=709"},{"taxonomy":"product_tag","embeddable":true,"href":"https:\/\/shop.wilbergs.com\/lt\/wp-json\/wp\/v2\/product_tag?post=709"}],"curies":[{"name":"wp","href":"https:\/\/api.w.org\/{rel}","templated":true}]}}