{"id":753,"date":"2025-01-06T19:24:08","date_gmt":"2025-01-06T19:24:08","guid":{"rendered":"https:\/\/shop.wilbergs.com\/?post_type=product&#038;p=753"},"modified":"2025-09-18T11:00:48","modified_gmt":"2025-09-18T11:00:48","slug":"zen-black","status":"publish","type":"product","link":"https:\/\/shop.wilbergs.com\/lt\/produktas\/zen-black\/","title":{"rendered":"Zen Black"},"content":{"rendered":"<p>\u201eZen Black\u201c sudaro trys plytel\u0117s, kurias galima i\u0161d\u0117lioti \u012fvairiai, tod\u0117l galite sukurti individualaus\u00a0 ir harmoningo ra\u0161to \u012f\u0117jimo kilim\u0117l\u012f, kuris puikiai papildys j\u016bs\u0173 nam\u0173 stili\u0173. Plyteli\u0173 matmenys yra 45\u00d745 cm, jos skirtos sujungti funkcionalum\u0105 ir estetik\u0105. Apdovanojimus pelniusios dizainer\u0117s Kristine Five Melv\u00e6r sukurtas dizainas taip pat suteikia lankstumo sukurti b\u016btent tokio dyd\u017eio \u012f\u0117jimo kilim\u0117l\u012f, kokio norite. Nesvarbu, ar norite padengti vis\u0105 plot\u0105, ar tik jo dal\u012f, plytel\u0117s yra veiksmingas sprendimas, pad\u0117siantis i\u0161laikyti j\u016bs\u0173 namus \u0161varius, o \u012f\u0117jimas b\u016bt\u0173 ir esteti\u0161kas, ir jaukus.<\/p>\n<ul>\n<li>Gerai sugeria ne\u0161varumus ir dr\u0117gm\u0119<\/li>\n<li>Geras grandymo efektas<\/li>\n<li>Pagrindas neleid\u017eia dr\u0117gmei patekti \u012f grindis<\/li>\n<li>Tekstil\u0117 i\u0161 100 % perdirbtos med\u017eiagos (PET)<\/li>\n<\/ul>","protected":false},"excerpt":{"rendered":"<p><strong><a href=\"https:\/\/shop.wilbergs.com\/lt\/shipping_returns\/\">\u24d8<\/a><\/strong> Pristatymo terminas \u2013 iki 4 savai\u010di\u0173<\/p>\n<p><strong><a href=\"https:\/\/www.heymat.com\/professionals\/tile-designer\/\">RA\u0160TO K\u016aRIMO \u012eRANKIS<\/a><\/strong><\/p>","protected":false},"featured_media":762,"comment_status":"closed","ping_status":"closed","template":"","meta":[],"product_cat":[25,26],"product_tag":[],"class_list":{"0":"post-753","1":"product","2":"type-product","3":"status-publish","4":"has-post-thumbnail","6":"product_cat-interior","7":"product_cat-mats","9":"first","10":"instock","11":"sale","12":"taxable","13":"shipping-taxable","14":"purchasable","15":"product-type-variable"},"_links":{"self":[{"href":"https:\/\/shop.wilbergs.com\/lt\/wp-json\/wp\/v2\/product\/753","targetHints":{"allow":["GET"]}}],"collection":[{"href":"https:\/\/shop.wilbergs.com\/lt\/wp-json\/wp\/v2\/product"}],"about":[{"href":"https:\/\/shop.wilbergs.com\/lt\/wp-json\/wp\/v2\/types\/product"}],"replies":[{"embeddable":true,"href":"https:\/\/shop.wilbergs.com\/lt\/wp-json\/wp\/v2\/comments?post=753"}],"wp:featuredmedia":[{"embeddable":true,"href":"https:\/\/shop.wilbergs.com\/lt\/wp-json\/wp\/v2\/media\/762"}],"wp:attachment":[{"href":"https:\/\/shop.wilbergs.com\/lt\/wp-json\/wp\/v2\/media?parent=753"}],"wp:term":[{"taxonomy":"product_cat","embeddable":true,"href":"https:\/\/shop.wilbergs.com\/lt\/wp-json\/wp\/v2\/product_cat?post=753"},{"taxonomy":"product_tag","embeddable":true,"href":"https:\/\/shop.wilbergs.com\/lt\/wp-json\/wp\/v2\/product_tag?post=753"}],"curies":[{"name":"wp","href":"https:\/\/api.w.org\/{rel}","templated":true}]}}