{"id":763,"date":"2025-01-06T20:30:08","date_gmt":"2025-01-06T20:30:08","guid":{"rendered":"https:\/\/shop.wilbergs.com\/?post_type=product&#038;p=763"},"modified":"2025-09-18T11:03:52","modified_gmt":"2025-09-18T11:03:52","slug":"berger-seidle-brilliance-neutral-cleaner","status":"publish","type":"product","link":"https:\/\/shop.wilbergs.com\/lt\/produktas\/berger-seidle-brilliance-neutral-cleaner\/","title":{"rendered":"Kasdieninis valiklis\n Brilliance Neutral Cleaner"},"content":{"rendered":"<p class=\"\" data-start=\"106\" data-end=\"432\"><strong data-start=\"106\" data-end=\"136\">Brilliance Neutral Cleaner<\/strong> \u2013 tai \u0161velnus, bet veiksmingas kasdienis valiklis, skirtas alyvuot\u0173 ir lakuot\u0173 medini\u0173 grind\u0173 bei kit\u0173 plaunam\u0173 pavir\u0161i\u0173 prie\u017ei\u016brai. Jis nepalieka dry\u017ei\u0173, nekenkia pavir\u0161iams ir nei\u0161sausina medienos \u2013 idealiai tinka ilgam grind\u0173 i\u0161vaizdos i\u0161saugojimui.<\/p>\n<p><strong data-start=\"434\" data-end=\"450\">Tinka:<\/strong> alyvuotoms, lakuotoms medin\u0117ms grindims, laminatui, plytel\u0117ms, PVC ir kitiems plaunamiems pavir\u0161iams.<\/p>\n<p><strong data-start=\"539\" data-end=\"549\">Tapla:<\/strong>\u00a01 litras (paruo\u0161tas naudoti).<\/p>\n<p><strong>Papildoma informacija: <\/strong><a href=\"https:\/\/shop.wilbergs.com\/wp-content\/uploads\/2025\/05\/Brilliance-NeutralCleaner-TM-EN_red.pdf\" target=\"_blank\" rel=\"noopener\">skaityti daugiau<\/a><\/p>","protected":false},"excerpt":{"rendered":"<p><strong><a href=\"https:\/\/shop.wilbergs.com\/lt\/shipping_returns\/\">\u24d8<\/a><\/strong> I\u0161siun\u010diama per 2\u201314 d.d.<\/p>\n<p>&nbsp;<\/p>","protected":false},"featured_media":765,"comment_status":"closed","ping_status":"closed","template":"","meta":[],"product_cat":[17],"product_tag":[],"class_list":{"0":"post-763","1":"product","2":"type-product","3":"status-publish","4":"has-post-thumbnail","6":"product_cat-wood-maintenance","8":"first","9":"instock","10":"sale","11":"taxable","12":"shipping-taxable","13":"purchasable","14":"product-type-simple"},"_links":{"self":[{"href":"https:\/\/shop.wilbergs.com\/lt\/wp-json\/wp\/v2\/product\/763","targetHints":{"allow":["GET"]}}],"collection":[{"href":"https:\/\/shop.wilbergs.com\/lt\/wp-json\/wp\/v2\/product"}],"about":[{"href":"https:\/\/shop.wilbergs.com\/lt\/wp-json\/wp\/v2\/types\/product"}],"replies":[{"embeddable":true,"href":"https:\/\/shop.wilbergs.com\/lt\/wp-json\/wp\/v2\/comments?post=763"}],"wp:featuredmedia":[{"embeddable":true,"href":"https:\/\/shop.wilbergs.com\/lt\/wp-json\/wp\/v2\/media\/765"}],"wp:attachment":[{"href":"https:\/\/shop.wilbergs.com\/lt\/wp-json\/wp\/v2\/media?parent=763"}],"wp:term":[{"taxonomy":"product_cat","embeddable":true,"href":"https:\/\/shop.wilbergs.com\/lt\/wp-json\/wp\/v2\/product_cat?post=763"},{"taxonomy":"product_tag","embeddable":true,"href":"https:\/\/shop.wilbergs.com\/lt\/wp-json\/wp\/v2\/product_tag?post=763"}],"curies":[{"name":"wp","href":"https:\/\/api.w.org\/{rel}","templated":true}]}}