{"id":766,"date":"2025-01-06T20:30:08","date_gmt":"2025-01-06T20:30:08","guid":{"rendered":"https:\/\/shop.wilbergs.com\/?post_type=product&#038;p=766"},"modified":"2025-09-18T13:35:10","modified_gmt":"2025-09-18T13:35:10","slug":"berger-seidle-brilliance-spraymop-comfortclean","status":"publish","type":"product","link":"https:\/\/shop.wilbergs.com\/lt\/produktas\/berger-seidle-brilliance-spraymop-comfortclean\/","title":{"rendered":"Pur\u0161kianti \u0161luota ir kasdieninis valiklis"},"content":{"rendered":"<p><strong data-start=\"67\" data-end=\"103\">Brilliance SprayMop ComfortClean<\/strong> \u2013 tai puikus \u012frankis kasdieniam sandari\u0173 ar alyvuot\u0173 medini\u0173, laminuot\u0173, plyteli\u0173 ir kit\u0173 lygi\u0173 pavir\u0161i\u0173 valymui. Integruotas pur\u0161kimo bakelis, ergonomi\u0161kas dizainas ir auk\u0161tos kokyb\u0117s mikropluo\u0161to \u0161luost\u0117 u\u017etikrina greit\u0105, \u0161veln\u0173 ir efektyv\u0173 valym\u0105<\/p>\n<p><strong>Komplekte:<\/strong> Brilliance SprayMop ComfortClean; mikropluo\u0161to \u0161luost\u0117; 1 l Brilliance NeutralCleaner valiklis.<\/p>\n<p><strong>Papildoma informacija: <\/strong><a href=\"https:\/\/shop.wilbergs.com\/wp-content\/uploads\/2025\/05\/Brilliance-NeutralCleaner-TM-EN_red.pdf\" target=\"_blank\" rel=\"noopener\">skaityti daugiau<\/a><\/p>","protected":false},"excerpt":{"rendered":"<p><strong><a href=\"https:\/\/shop.wilbergs.com\/lt\/shipping_returns\/\">\u24d8<\/a><\/strong> I\u0161siun\u010diama per 2\u201314 d.d.<\/p>\n<p>&nbsp;<\/p>","protected":false},"featured_media":764,"comment_status":"closed","ping_status":"closed","template":"","meta":[],"product_cat":[17],"product_tag":[],"class_list":{"0":"post-766","1":"product","2":"type-product","3":"status-publish","4":"has-post-thumbnail","6":"product_cat-wood-maintenance","8":"first","9":"instock","10":"sale","11":"taxable","12":"shipping-taxable","13":"purchasable","14":"product-type-simple"},"_links":{"self":[{"href":"https:\/\/shop.wilbergs.com\/lt\/wp-json\/wp\/v2\/product\/766","targetHints":{"allow":["GET"]}}],"collection":[{"href":"https:\/\/shop.wilbergs.com\/lt\/wp-json\/wp\/v2\/product"}],"about":[{"href":"https:\/\/shop.wilbergs.com\/lt\/wp-json\/wp\/v2\/types\/product"}],"replies":[{"embeddable":true,"href":"https:\/\/shop.wilbergs.com\/lt\/wp-json\/wp\/v2\/comments?post=766"}],"wp:featuredmedia":[{"embeddable":true,"href":"https:\/\/shop.wilbergs.com\/lt\/wp-json\/wp\/v2\/media\/764"}],"wp:attachment":[{"href":"https:\/\/shop.wilbergs.com\/lt\/wp-json\/wp\/v2\/media?parent=766"}],"wp:term":[{"taxonomy":"product_cat","embeddable":true,"href":"https:\/\/shop.wilbergs.com\/lt\/wp-json\/wp\/v2\/product_cat?post=766"},{"taxonomy":"product_tag","embeddable":true,"href":"https:\/\/shop.wilbergs.com\/lt\/wp-json\/wp\/v2\/product_tag?post=766"}],"curies":[{"name":"wp","href":"https:\/\/api.w.org\/{rel}","templated":true}]}}